{"id":396,"date":"2026-03-08T12:15:57","date_gmt":"2026-03-08T12:15:57","guid":{"rendered":"http:\/\/bokehemotions.fr\/?page_id=396"},"modified":"2026-03-11T08:28:08","modified_gmt":"2026-03-11T08:28:08","slug":"a-propos","status":"publish","type":"page","link":"https:\/\/bokehemotions.fr\/index.php\/a-propos\/","title":{"rendered":"A propos"},"content":{"rendered":"\n<figure class=\"wp-block-gallery has-nested-images columns-default is-cropped wp-block-gallery-1 is-layout-flex wp-block-gallery-is-layout-flex\">\n<figure class=\"wp-block-image size-large\"><img alt=\"\" loading=\"lazy\" decoding=\"async\" width=\"768\" height=\"1024\" data-id=\"397\" src=\"http:\/\/bokehemotions.fr\/wp-content\/uploads\/2026\/03\/505466605_2995835790599115_2827062820770447479_n-768x1024.jpg\" alt=\"\" class=\"wp-image-397\" srcset=\"https:\/\/bokehemotions.fr\/wp-content\/uploads\/2026\/03\/505466605_2995835790599115_2827062820770447479_n-768x1024.jpg 768w, https:\/\/bokehemotions.fr\/wp-content\/uploads\/2026\/03\/505466605_2995835790599115_2827062820770447479_n-225x300.jpg 225w, https:\/\/bokehemotions.fr\/wp-content\/uploads\/2026\/03\/505466605_2995835790599115_2827062820770447479_n-1152x1536.jpg 1152w, https:\/\/bokehemotions.fr\/wp-content\/uploads\/2026\/03\/505466605_2995835790599115_2827062820770447479_n.jpg 1536w\" sizes=\"auto, (max-width: 767px) 89vw, (max-width: 1000px) 54vw, (max-width: 1071px) 543px, 580px\" \/><\/figure>\n<\/figure>\n\n\n\n<p>Un photographe n&rsquo;est pas celui qui d\u00e9clenche l&rsquo;appareil photo. Il est celui qui guide, qui m&rsquo;est en confiance pour mieux saisir ceux qui posent. <\/p>\n\n\n\n<p>Faire de sa passion son m\u00e9tier, voil\u00e0 mon parcours. De cadre dans la fonction publique \u00e0 notre premier rendez-vous, il y a une histoire. Celle d&rsquo;un homme qui n&rsquo;est pas entrepreneur, celle d&rsquo;un homme qui voudrait transformer les relations humaines froides du temps pr\u00e9sent en moments de complicit\u00e9, de partage. Est-ce une utopie ? Peut-\u00eatre ! mais ne pas tenter de le faire c&rsquo;est abdiquer, c&rsquo;est renoncer \u00e0 ce qu&rsquo;il y a de plus riche en nous, en vous.<\/p>\n\n\n\n<p>J&rsquo;ai commenc\u00e9 la photographie du temps de l&rsquo;argentique, puis j&rsquo;ai achet\u00e9 mon premier appareil num\u00e9rique (un Konica Minolta Dimage Xg) en 2004. Il n&rsquo;avait que de 3 millions de pixels (l&rsquo;IPhone 17 en compte 48 millions). Puis je me suis pris au jeu des avanc\u00e9es technologiques et ai perfectionn\u00e9 ma technique. Aujourd&rsquo;hui j&rsquo;ai compris que la technique n&rsquo;est pas suffisante m\u00eame si elle est reste n\u00e9cessaire.<\/p>\n\n\n\n<p>Je n&rsquo;ai pas v\u00e9ritablement de domaines photographiques de pr\u00e9dilection, j&rsquo;essaie de saisir tout ce qui passe devant mon objectif et qui me procure des \u00e9motions : un arbre, un paysage, un bateau, une ombre. N\u00e9anmoins, j&rsquo;aime les gens, je les photographie le plus souvent qu&rsquo;il s&rsquo;agisse d&rsquo;un portrait studio, d&rsquo;une sc\u00e8ne de rue ou d&rsquo;amoureux qui se disent oui.<\/p>\n\n\n\n<figure class=\"wp-block-gallery has-nested-images columns-default is-cropped wp-block-gallery-2 is-layout-flex wp-block-gallery-is-layout-flex\">\n<figure class=\"wp-block-image size-large\"><img alt=\"\" loading=\"lazy\" decoding=\"async\" width=\"812\" height=\"1024\" data-id=\"424\" src=\"http:\/\/bokehemotions.fr\/wp-content\/uploads\/2026\/03\/311349555_113887001498701_4673713020906631178_n-812x1024.jpg\" alt=\"\" class=\"wp-image-424\" srcset=\"https:\/\/bokehemotions.fr\/wp-content\/uploads\/2026\/03\/311349555_113887001498701_4673713020906631178_n-812x1024.jpg 812w, https:\/\/bokehemotions.fr\/wp-content\/uploads\/2026\/03\/311349555_113887001498701_4673713020906631178_n-238x300.jpg 238w, https:\/\/bokehemotions.fr\/wp-content\/uploads\/2026\/03\/311349555_113887001498701_4673713020906631178_n-768x969.jpg 768w, https:\/\/bokehemotions.fr\/wp-content\/uploads\/2026\/03\/311349555_113887001498701_4673713020906631178_n-1217x1536.jpg 1217w, https:\/\/bokehemotions.fr\/wp-content\/uploads\/2026\/03\/311349555_113887001498701_4673713020906631178_n.jpg 1440w\" sizes=\"auto, (max-width: 767px) 89vw, (max-width: 1000px) 54vw, (max-width: 1071px) 543px, 580px\" \/><\/figure>\n\n\n\n<figure class=\"wp-block-image size-large\"><img alt=\"\" loading=\"lazy\" decoding=\"async\" width=\"768\" height=\"1024\" data-id=\"429\" src=\"http:\/\/bokehemotions.fr\/wp-content\/uploads\/2026\/03\/IMGL6067-768x1024.jpg\" alt=\"\" class=\"wp-image-429\" srcset=\"https:\/\/bokehemotions.fr\/wp-content\/uploads\/2026\/03\/IMGL6067-768x1024.jpg 768w, https:\/\/bokehemotions.fr\/wp-content\/uploads\/2026\/03\/IMGL6067-225x300.jpg 225w, https:\/\/bokehemotions.fr\/wp-content\/uploads\/2026\/03\/IMGL6067-1152x1536.jpg 1152w, https:\/\/bokehemotions.fr\/wp-content\/uploads\/2026\/03\/IMGL6067.jpg 1536w\" sizes=\"auto, (max-width: 767px) 89vw, (max-width: 1000px) 54vw, (max-width: 1071px) 543px, 580px\" \/><\/figure>\n\n\n\n<figure class=\"wp-block-image size-large\"><img alt=\"\" loading=\"lazy\" decoding=\"async\" width=\"768\" height=\"1024\" data-id=\"423\" src=\"http:\/\/bokehemotions.fr\/wp-content\/uploads\/2026\/03\/F48A2616-768x1024.jpg\" alt=\"\" class=\"wp-image-423\" srcset=\"https:\/\/bokehemotions.fr\/wp-content\/uploads\/2026\/03\/F48A2616-768x1024.jpg 768w, https:\/\/bokehemotions.fr\/wp-content\/uploads\/2026\/03\/F48A2616-225x300.jpg 225w, https:\/\/bokehemotions.fr\/wp-content\/uploads\/2026\/03\/F48A2616-1152x1536.jpg 1152w, https:\/\/bokehemotions.fr\/wp-content\/uploads\/2026\/03\/F48A2616.jpg 1536w\" sizes=\"auto, (max-width: 767px) 89vw, (max-width: 1000px) 54vw, (max-width: 1071px) 543px, 580px\" \/><\/figure>\n\n\n\n<figure class=\"wp-block-image size-large\"><img alt=\"\" loading=\"lazy\" decoding=\"async\" width=\"768\" height=\"1024\" data-id=\"425\" src=\"http:\/\/bokehemotions.fr\/wp-content\/uploads\/2026\/03\/F48A4024-768x1024.jpg\" alt=\"\" class=\"wp-image-425\" srcset=\"https:\/\/bokehemotions.fr\/wp-content\/uploads\/2026\/03\/F48A4024-768x1024.jpg 768w, https:\/\/bokehemotions.fr\/wp-content\/uploads\/2026\/03\/F48A4024-225x300.jpg 225w, https:\/\/bokehemotions.fr\/wp-content\/uploads\/2026\/03\/F48A4024-1152x1536.jpg 1152w, https:\/\/bokehemotions.fr\/wp-content\/uploads\/2026\/03\/F48A4024.jpg 1536w\" sizes=\"auto, (max-width: 767px) 89vw, (max-width: 1000px) 54vw, (max-width: 1071px) 543px, 580px\" \/><\/figure>\n<\/figure>\n\n\n\n<figure class=\"wp-block-image size-large\"><img alt=\"\" loading=\"lazy\" decoding=\"async\" width=\"1024\" height=\"768\" src=\"http:\/\/bokehemotions.fr\/wp-content\/uploads\/2026\/03\/F48A4731-1024x768.jpg\" alt=\"\" class=\"wp-image-432\" srcset=\"https:\/\/bokehemotions.fr\/wp-content\/uploads\/2026\/03\/F48A4731-1024x768.jpg 1024w, https:\/\/bokehemotions.fr\/wp-content\/uploads\/2026\/03\/F48A4731-300x225.jpg 300w, https:\/\/bokehemotions.fr\/wp-content\/uploads\/2026\/03\/F48A4731-768x576.jpg 768w, https:\/\/bokehemotions.fr\/wp-content\/uploads\/2026\/03\/F48A4731-1536x1152.jpg 1536w, https:\/\/bokehemotions.fr\/wp-content\/uploads\/2026\/03\/F48A4731.jpg 2048w\" sizes=\"auto, (max-width: 767px) 89vw, (max-width: 1000px) 54vw, (max-width: 1071px) 543px, 580px\" \/><\/figure>\n\n\n\n<figure class=\"wp-block-gallery has-nested-images columns-default is-cropped wp-block-gallery-3 is-layout-flex wp-block-gallery-is-layout-flex\">\n<figure class=\"wp-block-image size-large\"><img alt=\"\" loading=\"lazy\" decoding=\"async\" width=\"1024\" height=\"1024\" data-id=\"430\" src=\"http:\/\/bokehemotions.fr\/wp-content\/uploads\/2026\/03\/437535237_715468277419392_7401522181686597775_n-1024x1024.jpg\" alt=\"\" class=\"wp-image-430\" srcset=\"https:\/\/bokehemotions.fr\/wp-content\/uploads\/2026\/03\/437535237_715468277419392_7401522181686597775_n-1024x1024.jpg 1024w, https:\/\/bokehemotions.fr\/wp-content\/uploads\/2026\/03\/437535237_715468277419392_7401522181686597775_n-300x300.jpg 300w, https:\/\/bokehemotions.fr\/wp-content\/uploads\/2026\/03\/437535237_715468277419392_7401522181686597775_n-150x150.jpg 150w, https:\/\/bokehemotions.fr\/wp-content\/uploads\/2026\/03\/437535237_715468277419392_7401522181686597775_n-768x768.jpg 768w, https:\/\/bokehemotions.fr\/wp-content\/uploads\/2026\/03\/437535237_715468277419392_7401522181686597775_n-100x100.jpg 100w, https:\/\/bokehemotions.fr\/wp-content\/uploads\/2026\/03\/437535237_715468277419392_7401522181686597775_n.jpg 1440w\" sizes=\"auto, (max-width: 767px) 89vw, (max-width: 1000px) 54vw, (max-width: 1071px) 543px, 580px\" \/><\/figure>\n\n\n\n<figure class=\"wp-block-image size-large\"><img alt=\"Pont Alexandre III Paris\" loading=\"lazy\" decoding=\"async\" width=\"1024\" height=\"768\" data-id=\"431\" src=\"http:\/\/bokehemotions.fr\/wp-content\/uploads\/2026\/03\/IMGL6095-2-1024x768.jpg\" alt=\"\" class=\"wp-image-431\" srcset=\"https:\/\/bokehemotions.fr\/wp-content\/uploads\/2026\/03\/IMGL6095-2-1024x768.jpg 1024w, https:\/\/bokehemotions.fr\/wp-content\/uploads\/2026\/03\/IMGL6095-2-300x225.jpg 300w, https:\/\/bokehemotions.fr\/wp-content\/uploads\/2026\/03\/IMGL6095-2-768x576.jpg 768w, https:\/\/bokehemotions.fr\/wp-content\/uploads\/2026\/03\/IMGL6095-2.jpg 1440w\" sizes=\"auto, (max-width: 767px) 89vw, (max-width: 1000px) 54vw, (max-width: 1071px) 543px, 580px\" \/><\/figure>\n<\/figure>\n\n\n\n<figure class=\"wp-block-gallery has-nested-images columns-default is-cropped wp-block-gallery-4 is-layout-flex wp-block-gallery-is-layout-flex\">\n<figure class=\"wp-block-image size-large\"><img alt=\"\" loading=\"lazy\" decoding=\"async\" width=\"1024\" height=\"683\" data-id=\"426\" src=\"http:\/\/bokehemotions.fr\/wp-content\/uploads\/2026\/03\/F48A2564-1024x683.jpg\" alt=\"\" class=\"wp-image-426\" srcset=\"https:\/\/bokehemotions.fr\/wp-content\/uploads\/2026\/03\/F48A2564-1024x683.jpg 1024w, https:\/\/bokehemotions.fr\/wp-content\/uploads\/2026\/03\/F48A2564-300x200.jpg 300w, https:\/\/bokehemotions.fr\/wp-content\/uploads\/2026\/03\/F48A2564-768x512.jpg 768w, https:\/\/bokehemotions.fr\/wp-content\/uploads\/2026\/03\/F48A2564-1536x1024.jpg 1536w, https:\/\/bokehemotions.fr\/wp-content\/uploads\/2026\/03\/F48A2564.jpg 2048w\" sizes=\"auto, (max-width: 767px) 89vw, (max-width: 1000px) 54vw, (max-width: 1071px) 543px, 580px\" \/><\/figure>\n\n\n\n<figure class=\"wp-block-image size-large\"><img alt=\"\" loading=\"lazy\" decoding=\"async\" width=\"1024\" height=\"767\" data-id=\"428\" src=\"http:\/\/bokehemotions.fr\/wp-content\/uploads\/2026\/03\/619773726_18007386779831112_8696896232006056652_n-1024x767.jpg\" alt=\"\" class=\"wp-image-428\" srcset=\"https:\/\/bokehemotions.fr\/wp-content\/uploads\/2026\/03\/619773726_18007386779831112_8696896232006056652_n-1024x767.jpg 1024w, https:\/\/bokehemotions.fr\/wp-content\/uploads\/2026\/03\/619773726_18007386779831112_8696896232006056652_n-300x225.jpg 300w, https:\/\/bokehemotions.fr\/wp-content\/uploads\/2026\/03\/619773726_18007386779831112_8696896232006056652_n-768x575.jpg 768w, https:\/\/bokehemotions.fr\/wp-content\/uploads\/2026\/03\/619773726_18007386779831112_8696896232006056652_n.jpg 1440w\" sizes=\"auto, (max-width: 767px) 89vw, (max-width: 1000px) 54vw, (max-width: 1071px) 543px, 580px\" \/><\/figure>\n<\/figure>\n","protected":false},"excerpt":{"rendered":"<p>Un photographe n&rsquo;est pas celui qui d\u00e9clenche l&rsquo;appareil photo. Il est celui qui guide, qui m&rsquo;est en confiance pour mieux saisir ceux qui posent. Faire de sa passion son m\u00e9tier, voil\u00e0 mon parcours. De cadre dans la fonction publique \u00e0 notre premier rendez-vous, il y a une histoire. Celle d&rsquo;un homme qui n&rsquo;est pas entrepreneur, &hellip; <\/p>\n<p class=\"link-more\"><a href=\"https:\/\/bokehemotions.fr\/index.php\/a-propos\/\" class=\"more-link\">Continuer la lecture<span class=\"screen-reader-text\"> de &laquo;&nbsp;A propos&nbsp;&raquo;<\/span><\/a><\/p>\n","protected":false},"author":1,"featured_media":0,"parent":0,"menu_order":8,"comment_status":"closed","ping_status":"closed","template":"","meta":{"_seopress_robots_primary_cat":"","_seopress_titles_title":"","_seopress_titles_desc":"","_seopress_robots_index":"","_kadence_starter_templates_imported_post":false,"footnotes":""},"class_list":["post-396","page","type-page","status-publish","hentry"],"_links":{"self":[{"href":"https:\/\/bokehemotions.fr\/index.php\/wp-json\/wp\/v2\/pages\/396","targetHints":{"allow":["GET"]}}],"collection":[{"href":"https:\/\/bokehemotions.fr\/index.php\/wp-json\/wp\/v2\/pages"}],"about":[{"href":"https:\/\/bokehemotions.fr\/index.php\/wp-json\/wp\/v2\/types\/page"}],"author":[{"embeddable":true,"href":"https:\/\/bokehemotions.fr\/index.php\/wp-json\/wp\/v2\/users\/1"}],"replies":[{"embeddable":true,"href":"https:\/\/bokehemotions.fr\/index.php\/wp-json\/wp\/v2\/comments?post=396"}],"version-history":[{"count":5,"href":"https:\/\/bokehemotions.fr\/index.php\/wp-json\/wp\/v2\/pages\/396\/revisions"}],"predecessor-version":[{"id":433,"href":"https:\/\/bokehemotions.fr\/index.php\/wp-json\/wp\/v2\/pages\/396\/revisions\/433"}],"wp:attachment":[{"href":"https:\/\/bokehemotions.fr\/index.php\/wp-json\/wp\/v2\/media?parent=396"}],"curies":[{"name":"wp","href":"https:\/\/api.w.org\/{rel}","templated":true}]}}