{"id":390,"date":"2026-03-08T11:20:52","date_gmt":"2026-03-08T11:20:52","guid":{"rendered":"http:\/\/bokehemotions.fr\/?page_id=390"},"modified":"2026-03-09T08:17:30","modified_gmt":"2026-03-09T08:17:30","slug":"maternite-nouveau-ne","status":"publish","type":"page","link":"https:\/\/bokehemotions.fr\/index.php\/maternite-nouveau-ne\/","title":{"rendered":"Maternit\u00e9 \/ nouveau n\u00e9"},"content":{"rendered":"\n<p>Il y a, dans l\u2019attente et les premiers instants de la vie, une lumi\u00e8re unique. Une beaut\u00e9 naturelle, profonde, qui se r\u00e9v\u00e8le dans chaque regard, chaque geste, chaque courbe. Mon r\u00f4le ? La capturer, avec douceur et respect, pour en garder une trace intemporelle.<br>Je m\u2019adapte \u00e0 vos envies : en studio, pour une ambiance intimiste et ma\u00eetris\u00e9e, ou en ext\u00e9rieur, l\u00e0 o\u00f9 la nature sublime encore ces moments pr\u00e9cieux. Peu importe le lieu, ce qui compte, c\u2019est l\u2019\u00e9motion, l\u2019histoire que nous allons raconter ensemble.<br>Chaque s\u00e9ance est un partage, une complicit\u00e9. Je prends le temps d\u2019\u00e9couter, de comprendre ce qui vous touche, pour que ces images vous ressemblent, vous \u00e9meuvent, et deviennent des souvenirs aussi vivants que les instants qu\u2019elles immortalisent.<\/p>\n\n\n\n<figure class=\"wp-block-image size-large\"><img alt=\"\" loading=\"lazy\" decoding=\"async\" width=\"1024\" height=\"768\" src=\"http:\/\/bokehemotions.fr\/wp-content\/uploads\/2026\/03\/IMG_7875-1024x768.jpg\" alt=\"\" class=\"wp-image-271\" srcset=\"https:\/\/bokehemotions.fr\/wp-content\/uploads\/2026\/03\/IMG_7875-1024x768.jpg 1024w, https:\/\/bokehemotions.fr\/wp-content\/uploads\/2026\/03\/IMG_7875-300x225.jpg 300w, https:\/\/bokehemotions.fr\/wp-content\/uploads\/2026\/03\/IMG_7875-768x576.jpg 768w, https:\/\/bokehemotions.fr\/wp-content\/uploads\/2026\/03\/IMG_7875-1536x1152.jpg 1536w, https:\/\/bokehemotions.fr\/wp-content\/uploads\/2026\/03\/IMG_7875.jpg 2048w\" sizes=\"auto, (max-width: 767px) 89vw, (max-width: 1000px) 54vw, (max-width: 1071px) 543px, 580px\" \/><\/figure>\n\n\n\n<figure class=\"wp-block-gallery has-nested-images columns-default is-cropped wp-block-gallery-1 is-layout-flex wp-block-gallery-is-layout-flex\">\n<figure class=\"wp-block-image size-large\"><img alt=\"\" loading=\"lazy\" decoding=\"async\" width=\"768\" height=\"1024\" data-id=\"277\" src=\"http:\/\/bokehemotions.fr\/wp-content\/uploads\/2026\/03\/IMG_7978-768x1024.jpg\" alt=\"\" class=\"wp-image-277\" srcset=\"https:\/\/bokehemotions.fr\/wp-content\/uploads\/2026\/03\/IMG_7978-768x1024.jpg 768w, https:\/\/bokehemotions.fr\/wp-content\/uploads\/2026\/03\/IMG_7978-225x300.jpg 225w, https:\/\/bokehemotions.fr\/wp-content\/uploads\/2026\/03\/IMG_7978-1152x1536.jpg 1152w, https:\/\/bokehemotions.fr\/wp-content\/uploads\/2026\/03\/IMG_7978.jpg 1536w\" sizes=\"auto, (max-width: 767px) 89vw, (max-width: 1000px) 54vw, (max-width: 1071px) 543px, 580px\" \/><\/figure>\n\n\n\n<figure class=\"wp-block-image size-large\"><img alt=\"\" loading=\"lazy\" decoding=\"async\" width=\"1024\" height=\"768\" data-id=\"261\" src=\"http:\/\/bokehemotions.fr\/wp-content\/uploads\/2026\/03\/IMG_0912-2-1024x768.jpg\" alt=\"\" class=\"wp-image-261\" srcset=\"https:\/\/bokehemotions.fr\/wp-content\/uploads\/2026\/03\/IMG_0912-2-1024x768.jpg 1024w, https:\/\/bokehemotions.fr\/wp-content\/uploads\/2026\/03\/IMG_0912-2-300x225.jpg 300w, https:\/\/bokehemotions.fr\/wp-content\/uploads\/2026\/03\/IMG_0912-2-768x576.jpg 768w, https:\/\/bokehemotions.fr\/wp-content\/uploads\/2026\/03\/IMG_0912-2-1536x1152.jpg 1536w, https:\/\/bokehemotions.fr\/wp-content\/uploads\/2026\/03\/IMG_0912-2.jpg 2048w\" sizes=\"auto, (max-width: 767px) 89vw, (max-width: 1000px) 54vw, (max-width: 1071px) 543px, 580px\" \/><\/figure>\n\n\n\n<figure class=\"wp-block-image size-large\"><img alt=\"\" loading=\"lazy\" decoding=\"async\" width=\"768\" height=\"1024\" data-id=\"391\" src=\"http:\/\/bokehemotions.fr\/wp-content\/uploads\/2026\/03\/IMG_0737-2-1-768x1024.jpg\" alt=\"\" class=\"wp-image-391\" srcset=\"https:\/\/bokehemotions.fr\/wp-content\/uploads\/2026\/03\/IMG_0737-2-1-768x1024.jpg 768w, https:\/\/bokehemotions.fr\/wp-content\/uploads\/2026\/03\/IMG_0737-2-1-225x300.jpg 225w, https:\/\/bokehemotions.fr\/wp-content\/uploads\/2026\/03\/IMG_0737-2-1-1152x1536.jpg 1152w, https:\/\/bokehemotions.fr\/wp-content\/uploads\/2026\/03\/IMG_0737-2-1.jpg 1536w\" sizes=\"auto, (max-width: 767px) 89vw, (max-width: 1000px) 54vw, (max-width: 1071px) 543px, 580px\" \/><\/figure>\n\n\n\n<figure class=\"wp-block-image size-large\"><img alt=\"\" loading=\"lazy\" decoding=\"async\" width=\"768\" height=\"1024\" data-id=\"259\" src=\"http:\/\/bokehemotions.fr\/wp-content\/uploads\/2026\/03\/IMG_0857-2-768x1024.jpg\" alt=\"\" class=\"wp-image-259\" srcset=\"https:\/\/bokehemotions.fr\/wp-content\/uploads\/2026\/03\/IMG_0857-2-768x1024.jpg 768w, https:\/\/bokehemotions.fr\/wp-content\/uploads\/2026\/03\/IMG_0857-2-225x300.jpg 225w, https:\/\/bokehemotions.fr\/wp-content\/uploads\/2026\/03\/IMG_0857-2-1152x1536.jpg 1152w, https:\/\/bokehemotions.fr\/wp-content\/uploads\/2026\/03\/IMG_0857-2.jpg 1536w\" sizes=\"auto, (max-width: 767px) 89vw, (max-width: 1000px) 54vw, (max-width: 1071px) 543px, 580px\" \/><\/figure>\n\n\n\n<figure class=\"wp-block-image size-large\"><img alt=\"\" loading=\"lazy\" decoding=\"async\" width=\"1024\" height=\"768\" data-id=\"255\" src=\"http:\/\/bokehemotions.fr\/wp-content\/uploads\/2026\/03\/IMG_0785-2-1024x768.jpg\" alt=\"\" class=\"wp-image-255\" srcset=\"https:\/\/bokehemotions.fr\/wp-content\/uploads\/2026\/03\/IMG_0785-2-1024x768.jpg 1024w, https:\/\/bokehemotions.fr\/wp-content\/uploads\/2026\/03\/IMG_0785-2-300x225.jpg 300w, https:\/\/bokehemotions.fr\/wp-content\/uploads\/2026\/03\/IMG_0785-2-768x576.jpg 768w, https:\/\/bokehemotions.fr\/wp-content\/uploads\/2026\/03\/IMG_0785-2-1536x1152.jpg 1536w, https:\/\/bokehemotions.fr\/wp-content\/uploads\/2026\/03\/IMG_0785-2.jpg 2048w\" sizes=\"auto, (max-width: 767px) 89vw, (max-width: 1000px) 54vw, (max-width: 1071px) 543px, 580px\" \/><\/figure>\n\n\n\n<figure class=\"wp-block-image size-large\"><img alt=\"\" loading=\"lazy\" decoding=\"async\" width=\"768\" height=\"1024\" data-id=\"248\" src=\"http:\/\/bokehemotions.fr\/wp-content\/uploads\/2026\/03\/IMG_0659-2-768x1024.jpg\" alt=\"\" class=\"wp-image-248\" srcset=\"https:\/\/bokehemotions.fr\/wp-content\/uploads\/2026\/03\/IMG_0659-2-768x1024.jpg 768w, https:\/\/bokehemotions.fr\/wp-content\/uploads\/2026\/03\/IMG_0659-2-225x300.jpg 225w, https:\/\/bokehemotions.fr\/wp-content\/uploads\/2026\/03\/IMG_0659-2-1152x1536.jpg 1152w, https:\/\/bokehemotions.fr\/wp-content\/uploads\/2026\/03\/IMG_0659-2.jpg 1536w\" sizes=\"auto, (max-width: 767px) 89vw, (max-width: 1000px) 54vw, (max-width: 1071px) 543px, 580px\" \/><\/figure>\n\n\n\n<figure class=\"wp-block-image size-large\"><img alt=\"\" loading=\"lazy\" decoding=\"async\" width=\"1024\" height=\"683\" data-id=\"257\" src=\"http:\/\/bokehemotions.fr\/wp-content\/uploads\/2026\/03\/IMG_0807-1024x683.jpg\" alt=\"\" class=\"wp-image-257\" srcset=\"https:\/\/bokehemotions.fr\/wp-content\/uploads\/2026\/03\/IMG_0807-1024x683.jpg 1024w, https:\/\/bokehemotions.fr\/wp-content\/uploads\/2026\/03\/IMG_0807-300x200.jpg 300w, https:\/\/bokehemotions.fr\/wp-content\/uploads\/2026\/03\/IMG_0807-768x512.jpg 768w, https:\/\/bokehemotions.fr\/wp-content\/uploads\/2026\/03\/IMG_0807-1536x1024.jpg 1536w, https:\/\/bokehemotions.fr\/wp-content\/uploads\/2026\/03\/IMG_0807.jpg 2048w\" sizes=\"auto, (max-width: 767px) 89vw, (max-width: 1000px) 54vw, (max-width: 1071px) 543px, 580px\" \/><\/figure>\n\n\n\n<figure class=\"wp-block-image size-large\"><img alt=\"\" loading=\"lazy\" decoding=\"async\" width=\"683\" height=\"1024\" data-id=\"264\" src=\"http:\/\/bokehemotions.fr\/wp-content\/uploads\/2026\/03\/IMG_1219-2-683x1024.jpg\" alt=\"\" class=\"wp-image-264\" srcset=\"https:\/\/bokehemotions.fr\/wp-content\/uploads\/2026\/03\/IMG_1219-2-683x1024.jpg 683w, https:\/\/bokehemotions.fr\/wp-content\/uploads\/2026\/03\/IMG_1219-2-200x300.jpg 200w, https:\/\/bokehemotions.fr\/wp-content\/uploads\/2026\/03\/IMG_1219-2-768x1152.jpg 768w, https:\/\/bokehemotions.fr\/wp-content\/uploads\/2026\/03\/IMG_1219-2-1024x1536.jpg 1024w, https:\/\/bokehemotions.fr\/wp-content\/uploads\/2026\/03\/IMG_1219-2.jpg 1365w\" sizes=\"auto, (max-width: 683px) 100vw, 683px\" \/><\/figure>\n\n\n\n<figure class=\"wp-block-image size-large\"><img alt=\"\" loading=\"lazy\" decoding=\"async\" width=\"1024\" height=\"1024\" data-id=\"371\" src=\"http:\/\/bokehemotions.fr\/wp-content\/uploads\/2026\/03\/396823193_708185527861355_3870383249649258094_n-1024x1024.jpg\" alt=\"\" class=\"wp-image-371\" srcset=\"https:\/\/bokehemotions.fr\/wp-content\/uploads\/2026\/03\/396823193_708185527861355_3870383249649258094_n-1024x1024.jpg 1024w, https:\/\/bokehemotions.fr\/wp-content\/uploads\/2026\/03\/396823193_708185527861355_3870383249649258094_n-300x300.jpg 300w, https:\/\/bokehemotions.fr\/wp-content\/uploads\/2026\/03\/396823193_708185527861355_3870383249649258094_n-150x150.jpg 150w, https:\/\/bokehemotions.fr\/wp-content\/uploads\/2026\/03\/396823193_708185527861355_3870383249649258094_n-768x768.jpg 768w, https:\/\/bokehemotions.fr\/wp-content\/uploads\/2026\/03\/396823193_708185527861355_3870383249649258094_n-100x100.jpg 100w, https:\/\/bokehemotions.fr\/wp-content\/uploads\/2026\/03\/396823193_708185527861355_3870383249649258094_n.jpg 1200w\" sizes=\"auto, (max-width: 767px) 89vw, (max-width: 1000px) 54vw, (max-width: 1071px) 543px, 580px\" \/><\/figure>\n<\/figure>\n\n\n\n<figure class=\"wp-block-image size-large\"><img alt=\"\" loading=\"lazy\" decoding=\"async\" width=\"768\" height=\"1024\" src=\"http:\/\/bokehemotions.fr\/wp-content\/uploads\/2026\/03\/IMG_0678-768x1024.jpg\" alt=\"\" class=\"wp-image-250\" srcset=\"https:\/\/bokehemotions.fr\/wp-content\/uploads\/2026\/03\/IMG_0678-768x1024.jpg 768w, https:\/\/bokehemotions.fr\/wp-content\/uploads\/2026\/03\/IMG_0678-225x300.jpg 225w, https:\/\/bokehemotions.fr\/wp-content\/uploads\/2026\/03\/IMG_0678-1152x1536.jpg 1152w, https:\/\/bokehemotions.fr\/wp-content\/uploads\/2026\/03\/IMG_0678.jpg 1536w\" sizes=\"auto, (max-width: 767px) 89vw, (max-width: 1000px) 54vw, (max-width: 1071px) 543px, 580px\" \/><\/figure>\n","protected":false},"excerpt":{"rendered":"<p>Il y a, dans l\u2019attente et les premiers instants de la vie, une lumi\u00e8re unique. Une beaut\u00e9 naturelle, profonde, qui se r\u00e9v\u00e8le dans chaque regard, chaque geste, chaque courbe. Mon r\u00f4le ? La capturer, avec douceur et respect, pour en garder une trace intemporelle.Je m\u2019adapte \u00e0 vos envies : en studio, pour une ambiance intimiste &hellip; <\/p>\n<p class=\"link-more\"><a href=\"https:\/\/bokehemotions.fr\/index.php\/maternite-nouveau-ne\/\" class=\"more-link\">Continuer la lecture<span class=\"screen-reader-text\"> de &laquo;&nbsp;Maternit\u00e9 \/ nouveau n\u00e9&nbsp;&raquo;<\/span><\/a><\/p>\n","protected":false},"author":1,"featured_media":0,"parent":0,"menu_order":3,"comment_status":"closed","ping_status":"closed","template":"","meta":{"_seopress_robots_primary_cat":"","_seopress_titles_title":"","_seopress_titles_desc":"","_seopress_robots_index":"","_kadence_starter_templates_imported_post":false,"footnotes":""},"class_list":["post-390","page","type-page","status-publish","hentry"],"_links":{"self":[{"href":"https:\/\/bokehemotions.fr\/index.php\/wp-json\/wp\/v2\/pages\/390","targetHints":{"allow":["GET"]}}],"collection":[{"href":"https:\/\/bokehemotions.fr\/index.php\/wp-json\/wp\/v2\/pages"}],"about":[{"href":"https:\/\/bokehemotions.fr\/index.php\/wp-json\/wp\/v2\/types\/page"}],"author":[{"embeddable":true,"href":"https:\/\/bokehemotions.fr\/index.php\/wp-json\/wp\/v2\/users\/1"}],"replies":[{"embeddable":true,"href":"https:\/\/bokehemotions.fr\/index.php\/wp-json\/wp\/v2\/comments?post=390"}],"version-history":[{"count":2,"href":"https:\/\/bokehemotions.fr\/index.php\/wp-json\/wp\/v2\/pages\/390\/revisions"}],"predecessor-version":[{"id":404,"href":"https:\/\/bokehemotions.fr\/index.php\/wp-json\/wp\/v2\/pages\/390\/revisions\/404"}],"wp:attachment":[{"href":"https:\/\/bokehemotions.fr\/index.php\/wp-json\/wp\/v2\/media?parent=390"}],"curies":[{"name":"wp","href":"https:\/\/api.w.org\/{rel}","templated":true}]}}