{"id":206,"date":"2026-03-06T15:17:08","date_gmt":"2026-03-06T15:17:08","guid":{"rendered":"http:\/\/bokehemotions.fr\/?page_id=206"},"modified":"2026-03-06T17:43:01","modified_gmt":"2026-03-06T17:43:01","slug":"06-tarif","status":"publish","type":"page","link":"https:\/\/bokehemotions.fr\/index.php\/06-tarif\/","title":{"rendered":"Tarif"},"content":{"rendered":"\n<ul class=\"wp-block-list\"><\/ul>\n\n\n\n<p><strong>Mariage<\/strong>\u00a0: <\/p>\n\n\n\n<p>A la carte\u00a0: composez votre formule, de 150\u20ac \u00e0 1500\u20ac (hors option)\u00a0:<\/p>\n\n\n\n<p>Parce que chaque amour m\u00e9rite d\u2019\u00eatre c\u00e9l\u00e9br\u00e9, mes prestations s\u2019adaptent \u00e0 tous les budgets gr\u00e2ce \u00e0 des tarifs \u00e0 la carte, pour que votre projet photo soit aussi unique que votre histoire. <\/p>\n\n\n\n<p><span class=\"has-superb-addons-text-align-justify\">Le nombre de photographies est variable selon la formule retenue, le nombre d\u2019invit\u00e9s, le temps pass\u00e9. Dans tous les cas il y en a beaucoup. Le prix comprend le traitement des photographies (toutes prises au format RAW) et la fourniture de ces photos sur un support type cl\u00e9 USB au format JPEG. Version num\u00e9rique.<\/span><\/p>\n\n\n\n<figure class=\"wp-block-table\"><table class=\"has-fixed-layout\"><tbody><tr><td>S\u00e9ance essayage de la robe (un matin ou une apr\u00e8s-midi\/30 photos mini)<\/td><td>150\u20ac<\/td><\/tr><tr><td>Les pr\u00e9paratifs&nbsp;de la mari\u00e9e (hors s\u00e9ance chez le coiffeur et\/ou le maquilleur)<\/td><td>150\u20ac<\/td><\/tr><tr><td>Les pr\u00e9paratifs&nbsp;de la mari\u00e9e et un second photographe pour les pr\u00e9paratifs du mari\u00e9 (option 1)<\/td><td>150\u20ac<\/td><\/tr><tr><td>Les pr\u00e9paratifs\u00a0de la mari\u00e9e : s\u00e9ance chez le coiffeur et\/ou maquillage (le jour de mariage) (option 2)<\/td><td>50\u20ac<\/td><\/tr><tr><td>La c\u00e9r\u00e9monie civile, \u00e0 l\u2019Eglise et\/ou \u00e0 la Mairie (comprends les photos de groupes, avec la famille et les amis)<\/td><td>300\u20ac<\/td><\/tr><tr><td>Les photos de couple (lors du mariage)&nbsp;<\/td><td>200\u20ac<\/td><\/tr><tr><td>Les photos de couple apr\u00e8s le mariage (dans les quinze jours qui suivent)\u00a0(option 3)<\/td><td>200\u20ac<\/td><\/tr><tr><td>Les photos du vin d\u2019honneur&nbsp;<\/td><td>200\u20ac<\/td><\/tr><tr><td>Les photos du repas (jusqu\u2019au dessert)<\/td><td>200\u20ac<\/td><\/tr><tr><td>Les photos de la soir\u00e9e (jusqu\u2019\u00e0 2h)<\/td><td>100\u20ac<\/td><\/tr><tr><td>Les photos du lendemain (midi)&nbsp;<\/td><td>150\u20ac<\/td><\/tr><\/tbody><\/table><\/figure>\n\n\n\n<ul class=\"wp-block-list\"><\/ul>\n\n\n\n<p><\/p>\n\n\n\n<ul class=\"wp-block-list\">\n<li><strong>Grossesse \/ famille \/ portraits \/ book \/ charme<\/strong> :<\/li>\n<\/ul>\n\n\n\n<p>Votre essence, mon objectif. Transformez vos moments forts en souvenirs durables.<\/p>\n\n\n\n<p>D\u00e9couvrez mes formules sur mesure, adapt\u00e9es \u00e0 chaque projet et \u00e0 chaque usage, pour des souvenirs \u00e0 la hauteur de vos attentes.<\/p>\n\n\n\n<p><strong>A partir de 150 euros la s\u00e9ance.<\/strong><\/p>\n\n\n\n<ul class=\"wp-block-list\">\n<li><strong>Entreprise<\/strong>&nbsp;: <\/li>\n<\/ul>\n\n\n\n<p>Affirmez votre image, marquez les esprits. Un investissement strat\u00e9gique pour des visuels modernes et percutants, qui valoriseront votre profil professionnel, votre marque, sur tous vos supports.<\/p>\n\n\n\n<p><strong>S\u00e9ance photo corporate et portraits professionnels \u00e0 partir de\u00a0150\u20ac<\/strong>.<\/p>\n\n\n\n<ul class=\"wp-block-list\">\n<li><strong>Bon cadeau&nbsp;<\/strong>:<\/li>\n<\/ul>\n\n\n\n<p><span class=\"has-superb-addons-text-align-justify\">Offrez une exp\u00e9rience \u00e0 vivre, un moment pour soi, un souvenir \u00e0 cr\u00e9er, une parenth\u00e8se hors du quotidien. Certains \u00e9v\u00e9nements m\u00e9ritent d\u2019\u00eatre captur\u00e9s, conserv\u00e9es et partag\u00e9s<\/span>.<\/p>\n\n\n\n<p>Un instant \u00e0 vivre, des souvenirs pour toujours.<\/p>\n\n\n\n<p><strong>Bon cadeau disponible \u00e0 partir de\u00a0150\u20ac \u00a0(Valable 1 an)<\/strong><\/p>\n\n\n\n<p><\/p>\n","protected":false},"excerpt":{"rendered":"<p>Mariage\u00a0: A la carte\u00a0: composez votre formule, de 150\u20ac \u00e0 1500\u20ac (hors option)\u00a0: Parce que chaque amour m\u00e9rite d\u2019\u00eatre c\u00e9l\u00e9br\u00e9, mes prestations s\u2019adaptent \u00e0 tous les budgets gr\u00e2ce \u00e0 des tarifs \u00e0 la carte, pour que votre projet photo soit aussi unique que votre histoire. Le nombre de photographies est variable selon la formule retenue, &hellip; <\/p>\n<p class=\"link-more\"><a href=\"https:\/\/bokehemotions.fr\/index.php\/06-tarif\/\" class=\"more-link\">Continuer la lecture<span class=\"screen-reader-text\"> de &laquo;&nbsp;Tarif&nbsp;&raquo;<\/span><\/a><\/p>\n","protected":false},"author":1,"featured_media":0,"parent":0,"menu_order":6,"comment_status":"closed","ping_status":"closed","template":"","meta":{"_seopress_robots_primary_cat":"","_seopress_titles_title":"","_seopress_titles_desc":"","_seopress_robots_index":"","_kadence_starter_templates_imported_post":false,"footnotes":""},"class_list":["post-206","page","type-page","status-publish","hentry"],"_links":{"self":[{"href":"https:\/\/bokehemotions.fr\/index.php\/wp-json\/wp\/v2\/pages\/206","targetHints":{"allow":["GET"]}}],"collection":[{"href":"https:\/\/bokehemotions.fr\/index.php\/wp-json\/wp\/v2\/pages"}],"about":[{"href":"https:\/\/bokehemotions.fr\/index.php\/wp-json\/wp\/v2\/types\/page"}],"author":[{"embeddable":true,"href":"https:\/\/bokehemotions.fr\/index.php\/wp-json\/wp\/v2\/users\/1"}],"replies":[{"embeddable":true,"href":"https:\/\/bokehemotions.fr\/index.php\/wp-json\/wp\/v2\/comments?post=206"}],"version-history":[{"count":8,"href":"https:\/\/bokehemotions.fr\/index.php\/wp-json\/wp\/v2\/pages\/206\/revisions"}],"predecessor-version":[{"id":327,"href":"https:\/\/bokehemotions.fr\/index.php\/wp-json\/wp\/v2\/pages\/206\/revisions\/327"}],"wp:attachment":[{"href":"https:\/\/bokehemotions.fr\/index.php\/wp-json\/wp\/v2\/media?parent=206"}],"curies":[{"name":"wp","href":"https:\/\/api.w.org\/{rel}","templated":true}]}}