{"id":190,"date":"2026-03-06T15:01:49","date_gmt":"2026-03-06T15:01:49","guid":{"rendered":"http:\/\/bokehemotions.fr\/?page_id=190"},"modified":"2026-03-07T11:25:56","modified_gmt":"2026-03-07T11:25:56","slug":"entreprise","status":"publish","type":"page","link":"https:\/\/bokehemotions.fr\/index.php\/entreprise\/","title":{"rendered":"Entreprise"},"content":{"rendered":"\n<p><strong>Votre entreprise bouge, vos \u00e9quipes innovent, vos \u00e9v\u00e9nements rassemblent.<\/strong><\/p>\n\n\n\n<p>Chaque entreprise a son identit\u00e9, son dynamisme, sa culture.<\/p>\n\n\n\n<p>Une entreprise, c\u2019est une vision, des personnes.<\/p>\n\n\n\n<p>Je les r\u00e9v\u00e8lerai, capturerai cette \u00e9nergie, valoriserai votre image de marque, \u00e0 travers les \u00e9changes spontan\u00e9s, les moments de coh\u00e9sion, les prises de parole d\u00e9cisives, les d\u00e9tails qui racontent votre savoir-faire et disent votre engagement.<\/p>\n\n\n\n<p>\u00c9v\u00e9nements corporate dynamiques<\/p>\n\n\n\n<p>Conf\u00e9rences &amp; prises de parole<\/p>\n\n\n\n<p>S\u00e9minaires &amp; coh\u00e9sion d\u2019\u00e9quipe<\/p>\n\n\n\n<p>Reportages au c\u0153ur de votre activit\u00e9<\/p>\n\n\n\n<p><strong>Besoin d\u2019affirmer votre pr\u00e9sence, valoriser votre expertise, et donner envie de travailler avec vous&nbsp;?<\/strong><\/p>\n\n\n\n<p>Je r\u00e9alise votre portrait professionnel \u00e0 travers des clich\u00e9s qui vous ressemblent, inspirent la confiance, refl\u00e8tent votre personnalit\u00e9 et renforcent votre cr\u00e9dibilit\u00e9.<\/p>\n\n\n\n<p>Votre image parle de vous, alors autant qu\u2019elle envoie le bon message&nbsp;!<\/p>\n\n\n\n<figure class=\"wp-block-gallery has-nested-images columns-default is-cropped wp-block-gallery-1 is-layout-flex wp-block-gallery-is-layout-flex\">\n<figure class=\"wp-block-image\"><img alt=\"\" loading=\"lazy\" decoding=\"async\" width=\"568\" height=\"757\" data-id=\"217\" src=\"http:\/\/bokehemotions.fr\/wp-content\/uploads\/2026\/03\/IMG_0348-3.jpg\" alt=\"\" class=\"wp-image-217\" srcset=\"https:\/\/bokehemotions.fr\/wp-content\/uploads\/2026\/03\/IMG_0348-3.jpg 568w, https:\/\/bokehemotions.fr\/wp-content\/uploads\/2026\/03\/IMG_0348-3-225x300.jpg 225w\" sizes=\"auto, (max-width: 568px) 100vw, 568px\" \/><\/figure>\n\n\n\n<figure class=\"wp-block-image\"><img alt=\"\" loading=\"lazy\" decoding=\"async\" width=\"1536\" height=\"2048\" data-id=\"216\" src=\"http:\/\/bokehemotions.fr\/wp-content\/uploads\/2026\/03\/F48A2923.jpg\" alt=\"\" class=\"wp-image-216\" srcset=\"https:\/\/bokehemotions.fr\/wp-content\/uploads\/2026\/03\/F48A2923.jpg 1536w, https:\/\/bokehemotions.fr\/wp-content\/uploads\/2026\/03\/F48A2923-225x300.jpg 225w, https:\/\/bokehemotions.fr\/wp-content\/uploads\/2026\/03\/F48A2923-768x1024.jpg 768w, https:\/\/bokehemotions.fr\/wp-content\/uploads\/2026\/03\/F48A2923-1152x1536.jpg 1152w\" sizes=\"auto, (max-width: 767px) 89vw, (max-width: 1000px) 54vw, (max-width: 1071px) 543px, 580px\" \/><\/figure>\n\n\n\n<figure class=\"wp-block-image\"><img alt=\"\" loading=\"lazy\" decoding=\"async\" width=\"1536\" height=\"2048\" data-id=\"215\" src=\"http:\/\/bokehemotions.fr\/wp-content\/uploads\/2026\/03\/DSC01155.jpg\" alt=\"\" class=\"wp-image-215\" srcset=\"https:\/\/bokehemotions.fr\/wp-content\/uploads\/2026\/03\/DSC01155.jpg 1536w, https:\/\/bokehemotions.fr\/wp-content\/uploads\/2026\/03\/DSC01155-225x300.jpg 225w, https:\/\/bokehemotions.fr\/wp-content\/uploads\/2026\/03\/DSC01155-768x1024.jpg 768w, https:\/\/bokehemotions.fr\/wp-content\/uploads\/2026\/03\/DSC01155-1152x1536.jpg 1152w\" sizes=\"auto, (max-width: 767px) 89vw, (max-width: 1000px) 54vw, (max-width: 1071px) 543px, 580px\" \/><\/figure>\n\n\n\n<figure class=\"wp-block-image\"><img alt=\"\" loading=\"lazy\" decoding=\"async\" width=\"1536\" height=\"2048\" data-id=\"219\" src=\"http:\/\/bokehemotions.fr\/wp-content\/uploads\/2026\/03\/IMG_5173.jpg\" alt=\"\" class=\"wp-image-219\" srcset=\"https:\/\/bokehemotions.fr\/wp-content\/uploads\/2026\/03\/IMG_5173.jpg 1536w, https:\/\/bokehemotions.fr\/wp-content\/uploads\/2026\/03\/IMG_5173-225x300.jpg 225w, https:\/\/bokehemotions.fr\/wp-content\/uploads\/2026\/03\/IMG_5173-768x1024.jpg 768w, https:\/\/bokehemotions.fr\/wp-content\/uploads\/2026\/03\/IMG_5173-1152x1536.jpg 1152w\" sizes=\"auto, (max-width: 767px) 89vw, (max-width: 1000px) 54vw, (max-width: 1071px) 543px, 580px\" \/><\/figure>\n\n\n\n<figure class=\"wp-block-image\"><img alt=\"\" loading=\"lazy\" decoding=\"async\" width=\"1536\" height=\"2048\" data-id=\"218\" src=\"http:\/\/bokehemotions.fr\/wp-content\/uploads\/2026\/03\/IMG_2516.jpg\" alt=\"\" class=\"wp-image-218\" srcset=\"https:\/\/bokehemotions.fr\/wp-content\/uploads\/2026\/03\/IMG_2516.jpg 1536w, https:\/\/bokehemotions.fr\/wp-content\/uploads\/2026\/03\/IMG_2516-225x300.jpg 225w, https:\/\/bokehemotions.fr\/wp-content\/uploads\/2026\/03\/IMG_2516-768x1024.jpg 768w, https:\/\/bokehemotions.fr\/wp-content\/uploads\/2026\/03\/IMG_2516-1152x1536.jpg 1152w\" sizes=\"auto, (max-width: 767px) 89vw, (max-width: 1000px) 54vw, (max-width: 1071px) 543px, 580px\" \/><\/figure>\n<\/figure>\n\n\n\n<figure class=\"wp-block-gallery has-nested-images columns-default is-cropped wp-block-gallery-2 is-layout-flex wp-block-gallery-is-layout-flex\">\n<figure class=\"wp-block-image size-large\"><img alt=\"\" loading=\"lazy\" decoding=\"async\" width=\"1024\" height=\"576\" data-id=\"350\" src=\"http:\/\/bokehemotions.fr\/wp-content\/uploads\/2026\/03\/IMG_1538-1024x576.jpg\" alt=\"\" class=\"wp-image-350\" srcset=\"https:\/\/bokehemotions.fr\/wp-content\/uploads\/2026\/03\/IMG_1538-1024x576.jpg 1024w, https:\/\/bokehemotions.fr\/wp-content\/uploads\/2026\/03\/IMG_1538-300x169.jpg 300w, https:\/\/bokehemotions.fr\/wp-content\/uploads\/2026\/03\/IMG_1538-768x432.jpg 768w, https:\/\/bokehemotions.fr\/wp-content\/uploads\/2026\/03\/IMG_1538-1536x864.jpg 1536w, https:\/\/bokehemotions.fr\/wp-content\/uploads\/2026\/03\/IMG_1538.jpg 2048w\" sizes=\"auto, (max-width: 767px) 89vw, (max-width: 1000px) 54vw, (max-width: 1071px) 543px, 580px\" \/><\/figure>\n\n\n\n<figure class=\"wp-block-image size-large\"><img alt=\"\" loading=\"lazy\" decoding=\"async\" width=\"1024\" height=\"768\" data-id=\"353\" src=\"http:\/\/bokehemotions.fr\/wp-content\/uploads\/2026\/03\/F48A2912-1024x768.jpg\" alt=\"\" class=\"wp-image-353\" srcset=\"https:\/\/bokehemotions.fr\/wp-content\/uploads\/2026\/03\/F48A2912-1024x768.jpg 1024w, https:\/\/bokehemotions.fr\/wp-content\/uploads\/2026\/03\/F48A2912-300x225.jpg 300w, https:\/\/bokehemotions.fr\/wp-content\/uploads\/2026\/03\/F48A2912-768x576.jpg 768w, https:\/\/bokehemotions.fr\/wp-content\/uploads\/2026\/03\/F48A2912-1536x1152.jpg 1536w, https:\/\/bokehemotions.fr\/wp-content\/uploads\/2026\/03\/F48A2912-2048x1536.jpg 2048w\" sizes=\"auto, (max-width: 767px) 89vw, (max-width: 1000px) 54vw, (max-width: 1071px) 543px, 580px\" \/><\/figure>\n<\/figure>\n\n\n\n<figure class=\"wp-block-gallery has-nested-images columns-default is-cropped wp-block-gallery-3 is-layout-flex wp-block-gallery-is-layout-flex\">\n<figure class=\"wp-block-image size-large\"><img alt=\"\" loading=\"lazy\" decoding=\"async\" width=\"1024\" height=\"576\" data-id=\"354\" src=\"http:\/\/bokehemotions.fr\/wp-content\/uploads\/2026\/03\/IMG_1561-1024x576.jpg\" alt=\"\" class=\"wp-image-354\" srcset=\"https:\/\/bokehemotions.fr\/wp-content\/uploads\/2026\/03\/IMG_1561-1024x576.jpg 1024w, https:\/\/bokehemotions.fr\/wp-content\/uploads\/2026\/03\/IMG_1561-300x169.jpg 300w, https:\/\/bokehemotions.fr\/wp-content\/uploads\/2026\/03\/IMG_1561-768x432.jpg 768w, https:\/\/bokehemotions.fr\/wp-content\/uploads\/2026\/03\/IMG_1561-1536x864.jpg 1536w, https:\/\/bokehemotions.fr\/wp-content\/uploads\/2026\/03\/IMG_1561.jpg 2048w\" sizes=\"auto, (max-width: 767px) 89vw, (max-width: 1000px) 54vw, (max-width: 1071px) 543px, 580px\" \/><\/figure>\n<\/figure>\n\n\n\n<figure class=\"wp-block-gallery has-nested-images columns-default is-cropped wp-block-gallery-4 is-layout-flex wp-block-gallery-is-layout-flex\">\n<figure class=\"wp-block-image size-large\"><img alt=\"\" loading=\"lazy\" decoding=\"async\" width=\"768\" height=\"1024\" data-id=\"366\" src=\"http:\/\/bokehemotions.fr\/wp-content\/uploads\/2026\/03\/487362934_2917942778388417_5856345647748743579_n-768x1024.jpg\" alt=\"\" class=\"wp-image-366\" srcset=\"https:\/\/bokehemotions.fr\/wp-content\/uploads\/2026\/03\/487362934_2917942778388417_5856345647748743579_n-768x1024.jpg 768w, https:\/\/bokehemotions.fr\/wp-content\/uploads\/2026\/03\/487362934_2917942778388417_5856345647748743579_n-225x300.jpg 225w, https:\/\/bokehemotions.fr\/wp-content\/uploads\/2026\/03\/487362934_2917942778388417_5856345647748743579_n-1152x1536.jpg 1152w, https:\/\/bokehemotions.fr\/wp-content\/uploads\/2026\/03\/487362934_2917942778388417_5856345647748743579_n.jpg 1536w\" sizes=\"auto, (max-width: 767px) 89vw, (max-width: 1000px) 54vw, (max-width: 1071px) 543px, 580px\" \/><\/figure>\n<\/figure>\n","protected":false},"excerpt":{"rendered":"<p>Votre entreprise bouge, vos \u00e9quipes innovent, vos \u00e9v\u00e9nements rassemblent. Chaque entreprise a son identit\u00e9, son dynamisme, sa culture. Une entreprise, c\u2019est une vision, des personnes. Je les r\u00e9v\u00e8lerai, capturerai cette \u00e9nergie, valoriserai votre image de marque, \u00e0 travers les \u00e9changes spontan\u00e9s, les moments de coh\u00e9sion, les prises de parole d\u00e9cisives, les d\u00e9tails qui racontent votre &hellip; <\/p>\n<p class=\"link-more\"><a href=\"https:\/\/bokehemotions.fr\/index.php\/entreprise\/\" class=\"more-link\">Continuer la lecture<span class=\"screen-reader-text\"> de &laquo;&nbsp;Entreprise&nbsp;&raquo;<\/span><\/a><\/p>\n","protected":false},"author":1,"featured_media":0,"parent":0,"menu_order":4,"comment_status":"closed","ping_status":"closed","template":"","meta":{"_seopress_robots_primary_cat":"","_seopress_titles_title":"","_seopress_titles_desc":"","_seopress_robots_index":"","_kadence_starter_templates_imported_post":false,"footnotes":""},"class_list":["post-190","page","type-page","status-publish","hentry"],"_links":{"self":[{"href":"https:\/\/bokehemotions.fr\/index.php\/wp-json\/wp\/v2\/pages\/190","targetHints":{"allow":["GET"]}}],"collection":[{"href":"https:\/\/bokehemotions.fr\/index.php\/wp-json\/wp\/v2\/pages"}],"about":[{"href":"https:\/\/bokehemotions.fr\/index.php\/wp-json\/wp\/v2\/types\/page"}],"author":[{"embeddable":true,"href":"https:\/\/bokehemotions.fr\/index.php\/wp-json\/wp\/v2\/users\/1"}],"replies":[{"embeddable":true,"href":"https:\/\/bokehemotions.fr\/index.php\/wp-json\/wp\/v2\/comments?post=190"}],"version-history":[{"count":8,"href":"https:\/\/bokehemotions.fr\/index.php\/wp-json\/wp\/v2\/pages\/190\/revisions"}],"predecessor-version":[{"id":367,"href":"https:\/\/bokehemotions.fr\/index.php\/wp-json\/wp\/v2\/pages\/190\/revisions\/367"}],"wp:attachment":[{"href":"https:\/\/bokehemotions.fr\/index.php\/wp-json\/wp\/v2\/media?parent=190"}],"curies":[{"name":"wp","href":"https:\/\/api.w.org\/{rel}","templated":true}]}}