{"id":188,"date":"2026-03-06T15:01:02","date_gmt":"2026-03-06T15:01:02","guid":{"rendered":"http:\/\/bokehemotions.fr\/?page_id=188"},"modified":"2026-03-08T10:41:12","modified_gmt":"2026-03-08T10:41:12","slug":"evenements","status":"publish","type":"page","link":"https:\/\/bokehemotions.fr\/index.php\/evenements\/","title":{"rendered":"Ev\u00e9nements"},"content":{"rendered":"\n<p>Des souvenirs qui claquent, des moments qui vivent.<\/p>\n\n\n\n<p>Un anniversaire&nbsp;haut en couleur ou tout en tendresse, un bapt\u00eame rempli d\u2019\u00e9motion, un EVJF\/EVG complice et d\u00e9jant\u00e9, une comp\u00e9tition sportive sous haute tension, un concert vibrant \u2026<\/p>\n\n\n\n<p>Chaque \u00e9v\u00e9nement a son \u00e9nergie, son ambiance, ses moments magiques.<\/p>\n\n\n\n<p>Ma mission&nbsp;? Saisir les \u00e9clats de rire, les regards entendus, les larmes de joies les \u00e9toiles dans les yeux et les gestes victorieux, photographier le vrai, le spontan\u00e9, l\u2019intense. Ici, on respire, on bouge, on c\u00e9l\u00e8bre.<\/p>\n\n\n\n<figure class=\"wp-block-gallery has-nested-images columns-default is-cropped wp-block-gallery-1 is-layout-flex wp-block-gallery-is-layout-flex\">\n<figure class=\"wp-block-image size-large\"><img alt=\"\" loading=\"lazy\" decoding=\"async\" width=\"1024\" height=\"768\" data-id=\"291\" src=\"http:\/\/bokehemotions.fr\/wp-content\/uploads\/2026\/03\/IMG_2040-2-1-1024x768.jpg\" alt=\"\" class=\"wp-image-291\" srcset=\"https:\/\/bokehemotions.fr\/wp-content\/uploads\/2026\/03\/IMG_2040-2-1-1024x768.jpg 1024w, https:\/\/bokehemotions.fr\/wp-content\/uploads\/2026\/03\/IMG_2040-2-1-300x225.jpg 300w, https:\/\/bokehemotions.fr\/wp-content\/uploads\/2026\/03\/IMG_2040-2-1-768x576.jpg 768w, https:\/\/bokehemotions.fr\/wp-content\/uploads\/2026\/03\/IMG_2040-2-1-1536x1152.jpg 1536w, https:\/\/bokehemotions.fr\/wp-content\/uploads\/2026\/03\/IMG_2040-2-1.jpg 2048w\" sizes=\"auto, (max-width: 767px) 89vw, (max-width: 1000px) 54vw, (max-width: 1071px) 543px, 580px\" \/><\/figure>\n\n\n\n<figure class=\"wp-block-image size-large\"><img alt=\"\" loading=\"lazy\" decoding=\"async\" width=\"1024\" height=\"768\" data-id=\"292\" src=\"http:\/\/bokehemotions.fr\/wp-content\/uploads\/2026\/03\/IMG_2119-2-1024x768.jpg\" alt=\"\" class=\"wp-image-292\" srcset=\"https:\/\/bokehemotions.fr\/wp-content\/uploads\/2026\/03\/IMG_2119-2-1024x768.jpg 1024w, https:\/\/bokehemotions.fr\/wp-content\/uploads\/2026\/03\/IMG_2119-2-300x225.jpg 300w, https:\/\/bokehemotions.fr\/wp-content\/uploads\/2026\/03\/IMG_2119-2-768x576.jpg 768w, https:\/\/bokehemotions.fr\/wp-content\/uploads\/2026\/03\/IMG_2119-2-1536x1152.jpg 1536w, https:\/\/bokehemotions.fr\/wp-content\/uploads\/2026\/03\/IMG_2119-2-2048x1536.jpg 2048w\" sizes=\"auto, (max-width: 767px) 89vw, (max-width: 1000px) 54vw, (max-width: 1071px) 543px, 580px\" \/><\/figure>\n\n\n\n<figure class=\"wp-block-image size-large\"><img alt=\"\" loading=\"lazy\" decoding=\"async\" width=\"1024\" height=\"767\" data-id=\"243\" src=\"http:\/\/bokehemotions.fr\/wp-content\/uploads\/2026\/03\/WhatsApp-Image-2026-03-02-at-11.32.126-1024x767.jpeg\" alt=\"\" class=\"wp-image-243\" srcset=\"https:\/\/bokehemotions.fr\/wp-content\/uploads\/2026\/03\/WhatsApp-Image-2026-03-02-at-11.32.126-1024x767.jpeg 1024w, https:\/\/bokehemotions.fr\/wp-content\/uploads\/2026\/03\/WhatsApp-Image-2026-03-02-at-11.32.126-300x225.jpeg 300w, https:\/\/bokehemotions.fr\/wp-content\/uploads\/2026\/03\/WhatsApp-Image-2026-03-02-at-11.32.126-768x576.jpeg 768w, https:\/\/bokehemotions.fr\/wp-content\/uploads\/2026\/03\/WhatsApp-Image-2026-03-02-at-11.32.126-1536x1151.jpeg 1536w, https:\/\/bokehemotions.fr\/wp-content\/uploads\/2026\/03\/WhatsApp-Image-2026-03-02-at-11.32.126.jpeg 1600w\" sizes=\"auto, (max-width: 767px) 89vw, (max-width: 1000px) 54vw, (max-width: 1071px) 543px, 580px\" \/><\/figure>\n\n\n\n<figure class=\"wp-block-image size-large\"><img alt=\"\" loading=\"lazy\" decoding=\"async\" width=\"1024\" height=\"768\" data-id=\"346\" src=\"http:\/\/bokehemotions.fr\/wp-content\/uploads\/2026\/03\/DSC01135-1024x768.jpg\" alt=\"\" class=\"wp-image-346\" srcset=\"https:\/\/bokehemotions.fr\/wp-content\/uploads\/2026\/03\/DSC01135-1024x768.jpg 1024w, https:\/\/bokehemotions.fr\/wp-content\/uploads\/2026\/03\/DSC01135-300x225.jpg 300w, https:\/\/bokehemotions.fr\/wp-content\/uploads\/2026\/03\/DSC01135-768x576.jpg 768w, https:\/\/bokehemotions.fr\/wp-content\/uploads\/2026\/03\/DSC01135-1536x1152.jpg 1536w, https:\/\/bokehemotions.fr\/wp-content\/uploads\/2026\/03\/DSC01135.jpg 2048w\" sizes=\"auto, (max-width: 767px) 89vw, (max-width: 1000px) 54vw, (max-width: 1071px) 543px, 580px\" \/><\/figure>\n\n\n\n<figure class=\"wp-block-image size-large\"><img alt=\"\" loading=\"lazy\" decoding=\"async\" width=\"1024\" height=\"768\" data-id=\"290\" src=\"http:\/\/bokehemotions.fr\/wp-content\/uploads\/2026\/03\/IMGL6836-1-1024x768.jpg\" alt=\"\" class=\"wp-image-290\" srcset=\"https:\/\/bokehemotions.fr\/wp-content\/uploads\/2026\/03\/IMGL6836-1-1024x768.jpg 1024w, https:\/\/bokehemotions.fr\/wp-content\/uploads\/2026\/03\/IMGL6836-1-300x225.jpg 300w, https:\/\/bokehemotions.fr\/wp-content\/uploads\/2026\/03\/IMGL6836-1-768x576.jpg 768w, https:\/\/bokehemotions.fr\/wp-content\/uploads\/2026\/03\/IMGL6836-1-1536x1152.jpg 1536w, https:\/\/bokehemotions.fr\/wp-content\/uploads\/2026\/03\/IMGL6836-1.jpg 2048w\" sizes=\"auto, (max-width: 767px) 89vw, (max-width: 1000px) 54vw, (max-width: 1071px) 543px, 580px\" \/><\/figure>\n<\/figure>\n\n\n\n<figure class=\"wp-block-gallery has-nested-images columns-default is-cropped wp-block-gallery-2 is-layout-flex wp-block-gallery-is-layout-flex\">\n<figure class=\"wp-block-image size-large\"><img alt=\"\" loading=\"lazy\" decoding=\"async\" width=\"848\" height=\"1024\" data-id=\"368\" src=\"http:\/\/bokehemotions.fr\/wp-content\/uploads\/2026\/03\/503360730_2986118001570894_1761534257640992998_n-848x1024.jpg\" alt=\"\" class=\"wp-image-368\" srcset=\"https:\/\/bokehemotions.fr\/wp-content\/uploads\/2026\/03\/503360730_2986118001570894_1761534257640992998_n-848x1024.jpg 848w, https:\/\/bokehemotions.fr\/wp-content\/uploads\/2026\/03\/503360730_2986118001570894_1761534257640992998_n-248x300.jpg 248w, https:\/\/bokehemotions.fr\/wp-content\/uploads\/2026\/03\/503360730_2986118001570894_1761534257640992998_n-768x928.jpg 768w, https:\/\/bokehemotions.fr\/wp-content\/uploads\/2026\/03\/503360730_2986118001570894_1761534257640992998_n-1271x1536.jpg 1271w, https:\/\/bokehemotions.fr\/wp-content\/uploads\/2026\/03\/503360730_2986118001570894_1761534257640992998_n.jpg 1695w\" sizes=\"auto, (max-width: 767px) 89vw, (max-width: 1000px) 54vw, (max-width: 1071px) 543px, 580px\" \/><\/figure>\n\n\n\n<figure class=\"wp-block-image size-large\"><img alt=\"\" loading=\"lazy\" decoding=\"async\" width=\"768\" height=\"1024\" data-id=\"369\" src=\"http:\/\/bokehemotions.fr\/wp-content\/uploads\/2026\/03\/F48A3183-768x1024.jpg\" alt=\"\" class=\"wp-image-369\" srcset=\"https:\/\/bokehemotions.fr\/wp-content\/uploads\/2026\/03\/F48A3183-768x1024.jpg 768w, https:\/\/bokehemotions.fr\/wp-content\/uploads\/2026\/03\/F48A3183-225x300.jpg 225w, https:\/\/bokehemotions.fr\/wp-content\/uploads\/2026\/03\/F48A3183-1152x1536.jpg 1152w, https:\/\/bokehemotions.fr\/wp-content\/uploads\/2026\/03\/F48A3183.jpg 1536w\" sizes=\"auto, (max-width: 767px) 89vw, (max-width: 1000px) 54vw, (max-width: 1071px) 543px, 580px\" \/><\/figure>\n<\/figure>\n\n\n\n<figure class=\"wp-block-gallery has-nested-images columns-default is-cropped wp-block-gallery-3 is-layout-flex wp-block-gallery-is-layout-flex\">\n<figure class=\"wp-block-image size-large\"><img alt=\"\" loading=\"lazy\" decoding=\"async\" width=\"1024\" height=\"768\" data-id=\"378\" src=\"http:\/\/bokehemotions.fr\/wp-content\/uploads\/2026\/03\/397254896_712519120785567_8904781346974401957_n-1024x768.jpg\" alt=\"\" class=\"wp-image-378\" srcset=\"https:\/\/bokehemotions.fr\/wp-content\/uploads\/2026\/03\/397254896_712519120785567_8904781346974401957_n-1024x768.jpg 1024w, https:\/\/bokehemotions.fr\/wp-content\/uploads\/2026\/03\/397254896_712519120785567_8904781346974401957_n-300x225.jpg 300w, https:\/\/bokehemotions.fr\/wp-content\/uploads\/2026\/03\/397254896_712519120785567_8904781346974401957_n-768x576.jpg 768w, https:\/\/bokehemotions.fr\/wp-content\/uploads\/2026\/03\/397254896_712519120785567_8904781346974401957_n.jpg 1200w\" sizes=\"auto, (max-width: 767px) 89vw, (max-width: 1000px) 54vw, (max-width: 1071px) 543px, 580px\" \/><\/figure>\n\n\n\n<figure class=\"wp-block-image size-large\"><img alt=\"\" loading=\"lazy\" decoding=\"async\" width=\"1024\" height=\"768\" data-id=\"379\" src=\"http:\/\/bokehemotions.fr\/wp-content\/uploads\/2026\/03\/IMGL7816-2-1024x768.jpg\" alt=\"\" class=\"wp-image-379\" srcset=\"https:\/\/bokehemotions.fr\/wp-content\/uploads\/2026\/03\/IMGL7816-2-1024x768.jpg 1024w, https:\/\/bokehemotions.fr\/wp-content\/uploads\/2026\/03\/IMGL7816-2-300x225.jpg 300w, https:\/\/bokehemotions.fr\/wp-content\/uploads\/2026\/03\/IMGL7816-2-768x576.jpg 768w, https:\/\/bokehemotions.fr\/wp-content\/uploads\/2026\/03\/IMGL7816-2-1536x1152.jpg 1536w, https:\/\/bokehemotions.fr\/wp-content\/uploads\/2026\/03\/IMGL7816-2.jpg 2048w\" sizes=\"auto, (max-width: 767px) 89vw, (max-width: 1000px) 54vw, (max-width: 1071px) 543px, 580px\" \/><\/figure>\n<\/figure>\n","protected":false},"excerpt":{"rendered":"<p>Des souvenirs qui claquent, des moments qui vivent. Un anniversaire&nbsp;haut en couleur ou tout en tendresse, un bapt\u00eame rempli d\u2019\u00e9motion, un EVJF\/EVG complice et d\u00e9jant\u00e9, une comp\u00e9tition sportive sous haute tension, un concert vibrant \u2026 Chaque \u00e9v\u00e9nement a son \u00e9nergie, son ambiance, ses moments magiques. Ma mission&nbsp;? Saisir les \u00e9clats de rire, les regards entendus, &hellip; <\/p>\n<p class=\"link-more\"><a href=\"https:\/\/bokehemotions.fr\/index.php\/evenements\/\" class=\"more-link\">Continuer la lecture<span class=\"screen-reader-text\"> de &laquo;&nbsp;Ev\u00e9nements&nbsp;&raquo;<\/span><\/a><\/p>\n","protected":false},"author":1,"featured_media":0,"parent":0,"menu_order":5,"comment_status":"closed","ping_status":"closed","template":"","meta":{"_seopress_robots_primary_cat":"","_seopress_titles_title":"","_seopress_titles_desc":"","_seopress_robots_index":"","_kadence_starter_templates_imported_post":false,"footnotes":""},"class_list":["post-188","page","type-page","status-publish","hentry"],"_links":{"self":[{"href":"https:\/\/bokehemotions.fr\/index.php\/wp-json\/wp\/v2\/pages\/188","targetHints":{"allow":["GET"]}}],"collection":[{"href":"https:\/\/bokehemotions.fr\/index.php\/wp-json\/wp\/v2\/pages"}],"about":[{"href":"https:\/\/bokehemotions.fr\/index.php\/wp-json\/wp\/v2\/types\/page"}],"author":[{"embeddable":true,"href":"https:\/\/bokehemotions.fr\/index.php\/wp-json\/wp\/v2\/users\/1"}],"replies":[{"embeddable":true,"href":"https:\/\/bokehemotions.fr\/index.php\/wp-json\/wp\/v2\/comments?post=188"}],"version-history":[{"count":9,"href":"https:\/\/bokehemotions.fr\/index.php\/wp-json\/wp\/v2\/pages\/188\/revisions"}],"predecessor-version":[{"id":380,"href":"https:\/\/bokehemotions.fr\/index.php\/wp-json\/wp\/v2\/pages\/188\/revisions\/380"}],"wp:attachment":[{"href":"https:\/\/bokehemotions.fr\/index.php\/wp-json\/wp\/v2\/media?parent=188"}],"curies":[{"name":"wp","href":"https:\/\/api.w.org\/{rel}","templated":true}]}}