{"id":152,"date":"2026-03-06T10:22:02","date_gmt":"2026-03-06T10:22:02","guid":{"rendered":"http:\/\/bokehemotions.fr\/index.php\/grossesse-evenements-familiaux\/"},"modified":"2026-03-08T11:22:42","modified_gmt":"2026-03-08T11:22:42","slug":"grossesse-evenements-familiaux","status":"publish","type":"page","link":"https:\/\/bokehemotions.fr\/index.php\/grossesse-evenements-familiaux\/","title":{"rendered":"Ev\u00e8nements Familiaux"},"content":{"rendered":"\n<p>Chaque famille a son propre langage, ses propres rires, ses propres tendresses. Mon r\u00f4le ? Les capturer avec d\u00e9licatesse, que ce soit dans l\u2019intimit\u00e9 de votre maison, la douceur d\u2019un studio ou la lumi\u00e8re d\u2019un ext\u00e9rieur. Ensemble, nous cr\u00e9erons des images qui racontent votre histoire, vos liens, vos \u00e9motions, celles qui font de vous une famille unique. Laissez libre court \u00e0 vos envies, accordez-moi votre confiance et je sublimerai ces instants pr\u00e9cieux.<\/p>\n\n\n\n<figure class=\"wp-block-gallery has-nested-images columns-default is-cropped wp-block-gallery-1 is-layout-flex wp-block-gallery-is-layout-flex\"><\/figure>\n\n\n\n<figure class=\"wp-block-gallery has-nested-images columns-default is-cropped wp-block-gallery-2 is-layout-flex wp-block-gallery-is-layout-flex\"><\/figure>\n\n\n\n<figure class=\"wp-block-gallery has-nested-images columns-default is-cropped wp-block-gallery-3 is-layout-flex wp-block-gallery-is-layout-flex\">\n<figure class=\"wp-block-image size-large\"><img alt=\"\" loading=\"lazy\" decoding=\"async\" width=\"1024\" height=\"768\" data-id=\"381\" src=\"http:\/\/bokehemotions.fr\/wp-content\/uploads\/2026\/03\/IMGL7966-2-1024x768.jpg\" alt=\"\" class=\"wp-image-381\" srcset=\"https:\/\/bokehemotions.fr\/wp-content\/uploads\/2026\/03\/IMGL7966-2-1024x768.jpg 1024w, https:\/\/bokehemotions.fr\/wp-content\/uploads\/2026\/03\/IMGL7966-2-300x225.jpg 300w, https:\/\/bokehemotions.fr\/wp-content\/uploads\/2026\/03\/IMGL7966-2-768x576.jpg 768w, https:\/\/bokehemotions.fr\/wp-content\/uploads\/2026\/03\/IMGL7966-2-1536x1152.jpg 1536w, https:\/\/bokehemotions.fr\/wp-content\/uploads\/2026\/03\/IMGL7966-2.jpg 2048w\" sizes=\"auto, (max-width: 767px) 89vw, (max-width: 1000px) 54vw, (max-width: 1071px) 543px, 580px\" \/><\/figure>\n<\/figure>\n\n\n\n<figure class=\"wp-block-gallery has-nested-images columns-default is-cropped wp-block-gallery-4 is-layout-flex wp-block-gallery-is-layout-flex\"><\/figure>\n\n\n\n<p><\/p>\n","protected":false},"excerpt":{"rendered":"<p>Chaque famille a son propre langage, ses propres rires, ses propres tendresses. Mon r\u00f4le ? Les capturer avec d\u00e9licatesse, que ce soit dans l\u2019intimit\u00e9 de votre maison, la douceur d\u2019un studio ou la lumi\u00e8re d\u2019un ext\u00e9rieur. Ensemble, nous cr\u00e9erons des images qui racontent votre histoire, vos liens, vos \u00e9motions, celles qui font de vous une &hellip; <\/p>\n<p class=\"link-more\"><a href=\"https:\/\/bokehemotions.fr\/index.php\/grossesse-evenements-familiaux\/\" class=\"more-link\">Continuer la lecture<span class=\"screen-reader-text\"> de &laquo;&nbsp;Ev\u00e8nements Familiaux&nbsp;&raquo;<\/span><\/a><\/p>\n","protected":false},"author":1,"featured_media":0,"parent":0,"menu_order":2,"comment_status":"closed","ping_status":"closed","template":"","meta":{"_seopress_robots_primary_cat":"","_seopress_titles_title":"","_seopress_titles_desc":"","_seopress_robots_index":"","_kadence_starter_templates_imported_post":false,"footnotes":""},"class_list":["post-152","page","type-page","status-publish","hentry"],"_links":{"self":[{"href":"https:\/\/bokehemotions.fr\/index.php\/wp-json\/wp\/v2\/pages\/152","targetHints":{"allow":["GET"]}}],"collection":[{"href":"https:\/\/bokehemotions.fr\/index.php\/wp-json\/wp\/v2\/pages"}],"about":[{"href":"https:\/\/bokehemotions.fr\/index.php\/wp-json\/wp\/v2\/types\/page"}],"author":[{"embeddable":true,"href":"https:\/\/bokehemotions.fr\/index.php\/wp-json\/wp\/v2\/users\/1"}],"replies":[{"embeddable":true,"href":"https:\/\/bokehemotions.fr\/index.php\/wp-json\/wp\/v2\/comments?post=152"}],"version-history":[{"count":10,"href":"https:\/\/bokehemotions.fr\/index.php\/wp-json\/wp\/v2\/pages\/152\/revisions"}],"predecessor-version":[{"id":405,"href":"https:\/\/bokehemotions.fr\/index.php\/wp-json\/wp\/v2\/pages\/152\/revisions\/405"}],"wp:attachment":[{"href":"https:\/\/bokehemotions.fr\/index.php\/wp-json\/wp\/v2\/media?parent=152"}],"curies":[{"name":"wp","href":"https:\/\/api.w.org\/{rel}","templated":true}]}}