{"id":119,"date":"2026-03-06T09:39:02","date_gmt":"2026-03-06T09:39:02","guid":{"rendered":"http:\/\/bokehemotions.fr\/?page_id=119"},"modified":"2026-03-09T08:25:31","modified_gmt":"2026-03-09T08:25:31","slug":"mariage","status":"publish","type":"page","link":"https:\/\/bokehemotions.fr\/index.php\/mariage\/","title":{"rendered":"Mariage"},"content":{"rendered":"\n<p><span class=\"has-superb-addons-text-align-justify\">Votre mariage est une histoire unique, et c\u2019est ensemble que nous allons la raconter en images. Comptez sur mon \u0153il attentif et passionn\u00e9 pour immortaliser la magie de ce jour, saisir chaque \u00e9motion, chaque \u00e9clat de rire, chaque regard complice. Vos envies, vos id\u00e9es et votre personnalit\u00e9 guideront notre collaboration : cr\u00e9ons ces souvenirs qui vous ressembleront parfaitement.<\/span><\/p>\n\n\n\n<figure class=\"wp-block-gallery has-nested-images columns-default is-cropped wp-block-gallery-1 is-layout-flex wp-block-gallery-is-layout-flex\">\n<figure class=\"wp-block-image size-large\"><img alt=\"\" loading=\"lazy\" decoding=\"async\" width=\"768\" height=\"1024\" data-id=\"244\" src=\"http:\/\/bokehemotions.fr\/wp-content\/uploads\/2026\/03\/WhatsApp-Image-2026-03-02-at-11.32.166-768x1024.jpeg\" alt=\"\" class=\"wp-image-244\" srcset=\"https:\/\/bokehemotions.fr\/wp-content\/uploads\/2026\/03\/WhatsApp-Image-2026-03-02-at-11.32.166-768x1024.jpeg 768w, https:\/\/bokehemotions.fr\/wp-content\/uploads\/2026\/03\/WhatsApp-Image-2026-03-02-at-11.32.166-225x300.jpeg 225w, https:\/\/bokehemotions.fr\/wp-content\/uploads\/2026\/03\/WhatsApp-Image-2026-03-02-at-11.32.166-1152x1536.jpeg 1152w, https:\/\/bokehemotions.fr\/wp-content\/uploads\/2026\/03\/WhatsApp-Image-2026-03-02-at-11.32.166.jpeg 1200w\" sizes=\"auto, (max-width: 767px) 89vw, (max-width: 1000px) 54vw, (max-width: 1071px) 543px, 580px\" \/><\/figure>\n\n\n\n<figure class=\"wp-block-image size-large\"><img alt=\"\" loading=\"lazy\" decoding=\"async\" width=\"768\" height=\"1024\" data-id=\"239\" src=\"http:\/\/bokehemotions.fr\/wp-content\/uploads\/2026\/03\/WhatsApp-Image-2026-03-02-at-11.27.512-768x1024.jpeg\" alt=\"\" class=\"wp-image-239\" srcset=\"https:\/\/bokehemotions.fr\/wp-content\/uploads\/2026\/03\/WhatsApp-Image-2026-03-02-at-11.27.512-768x1024.jpeg 768w, https:\/\/bokehemotions.fr\/wp-content\/uploads\/2026\/03\/WhatsApp-Image-2026-03-02-at-11.27.512-225x300.jpeg 225w, https:\/\/bokehemotions.fr\/wp-content\/uploads\/2026\/03\/WhatsApp-Image-2026-03-02-at-11.27.512-1152x1536.jpeg 1152w, https:\/\/bokehemotions.fr\/wp-content\/uploads\/2026\/03\/WhatsApp-Image-2026-03-02-at-11.27.512.jpeg 1200w\" sizes=\"auto, (max-width: 767px) 89vw, (max-width: 1000px) 54vw, (max-width: 1071px) 543px, 580px\" \/><\/figure>\n\n\n\n<figure class=\"wp-block-image size-large\"><img alt=\"\" loading=\"lazy\" decoding=\"async\" width=\"1024\" height=\"1024\" data-id=\"237\" src=\"http:\/\/bokehemotions.fr\/wp-content\/uploads\/2026\/03\/IMG_5668-1024x1024.jpg\" alt=\"\" class=\"wp-image-237\" srcset=\"https:\/\/bokehemotions.fr\/wp-content\/uploads\/2026\/03\/IMG_5668-1024x1024.jpg 1024w, https:\/\/bokehemotions.fr\/wp-content\/uploads\/2026\/03\/IMG_5668-300x300.jpg 300w, https:\/\/bokehemotions.fr\/wp-content\/uploads\/2026\/03\/IMG_5668-150x150.jpg 150w, https:\/\/bokehemotions.fr\/wp-content\/uploads\/2026\/03\/IMG_5668-768x768.jpg 768w, https:\/\/bokehemotions.fr\/wp-content\/uploads\/2026\/03\/IMG_5668-1536x1536.jpg 1536w, https:\/\/bokehemotions.fr\/wp-content\/uploads\/2026\/03\/IMG_5668-100x100.jpg 100w, https:\/\/bokehemotions.fr\/wp-content\/uploads\/2026\/03\/IMG_5668.jpg 2048w\" sizes=\"auto, (max-width: 767px) 89vw, (max-width: 1000px) 54vw, (max-width: 1071px) 543px, 580px\" \/><\/figure>\n\n\n\n<figure class=\"wp-block-image size-large\"><img alt=\"\" loading=\"lazy\" decoding=\"async\" width=\"1024\" height=\"576\" data-id=\"234\" src=\"http:\/\/bokehemotions.fr\/wp-content\/uploads\/2026\/03\/IMG_5027-1024x576.jpg\" alt=\"\" class=\"wp-image-234\" srcset=\"https:\/\/bokehemotions.fr\/wp-content\/uploads\/2026\/03\/IMG_5027-1024x576.jpg 1024w, https:\/\/bokehemotions.fr\/wp-content\/uploads\/2026\/03\/IMG_5027-300x169.jpg 300w, https:\/\/bokehemotions.fr\/wp-content\/uploads\/2026\/03\/IMG_5027-768x432.jpg 768w, https:\/\/bokehemotions.fr\/wp-content\/uploads\/2026\/03\/IMG_5027-1536x864.jpg 1536w, https:\/\/bokehemotions.fr\/wp-content\/uploads\/2026\/03\/IMG_5027.jpg 2048w\" sizes=\"auto, (max-width: 767px) 89vw, (max-width: 1000px) 54vw, (max-width: 1071px) 543px, 580px\" \/><\/figure>\n\n\n\n<figure class=\"wp-block-image size-large\"><img alt=\"\" loading=\"lazy\" decoding=\"async\" width=\"1024\" height=\"768\" data-id=\"240\" src=\"http:\/\/bokehemotions.fr\/wp-content\/uploads\/2026\/03\/WhatsApp-Image-2026-03-02-at-11.27.2211-1024x768.jpeg\" alt=\"\" class=\"wp-image-240\" srcset=\"https:\/\/bokehemotions.fr\/wp-content\/uploads\/2026\/03\/WhatsApp-Image-2026-03-02-at-11.27.2211-1024x768.jpeg 1024w, https:\/\/bokehemotions.fr\/wp-content\/uploads\/2026\/03\/WhatsApp-Image-2026-03-02-at-11.27.2211-300x225.jpeg 300w, https:\/\/bokehemotions.fr\/wp-content\/uploads\/2026\/03\/WhatsApp-Image-2026-03-02-at-11.27.2211-768x576.jpeg 768w, https:\/\/bokehemotions.fr\/wp-content\/uploads\/2026\/03\/WhatsApp-Image-2026-03-02-at-11.27.2211-1536x1152.jpeg 1536w, https:\/\/bokehemotions.fr\/wp-content\/uploads\/2026\/03\/WhatsApp-Image-2026-03-02-at-11.27.2211.jpeg 1600w\" sizes=\"auto, (max-width: 767px) 89vw, (max-width: 1000px) 54vw, (max-width: 1071px) 543px, 580px\" \/><\/figure>\n\n\n\n<figure class=\"wp-block-image size-large\"><img alt=\"\" loading=\"lazy\" decoding=\"async\" width=\"768\" height=\"1024\" data-id=\"236\" src=\"http:\/\/bokehemotions.fr\/wp-content\/uploads\/2026\/03\/IMG_5476-768x1024.jpg\" alt=\"\" class=\"wp-image-236\" srcset=\"https:\/\/bokehemotions.fr\/wp-content\/uploads\/2026\/03\/IMG_5476-768x1024.jpg 768w, https:\/\/bokehemotions.fr\/wp-content\/uploads\/2026\/03\/IMG_5476-225x300.jpg 225w, https:\/\/bokehemotions.fr\/wp-content\/uploads\/2026\/03\/IMG_5476-1152x1536.jpg 1152w, https:\/\/bokehemotions.fr\/wp-content\/uploads\/2026\/03\/IMG_5476.jpg 1536w\" sizes=\"auto, (max-width: 767px) 89vw, (max-width: 1000px) 54vw, (max-width: 1071px) 543px, 580px\" \/><\/figure>\n\n\n\n<figure class=\"wp-block-image size-large\"><img alt=\"\" loading=\"lazy\" decoding=\"async\" width=\"858\" height=\"1024\" data-id=\"241\" src=\"http:\/\/bokehemotions.fr\/wp-content\/uploads\/2026\/03\/WhatsApp-Image-2026-03-02-at-11.27.2226-858x1024.jpeg\" alt=\"\" class=\"wp-image-241\" srcset=\"https:\/\/bokehemotions.fr\/wp-content\/uploads\/2026\/03\/WhatsApp-Image-2026-03-02-at-11.27.2226-858x1024.jpeg 858w, https:\/\/bokehemotions.fr\/wp-content\/uploads\/2026\/03\/WhatsApp-Image-2026-03-02-at-11.27.2226-251x300.jpeg 251w, https:\/\/bokehemotions.fr\/wp-content\/uploads\/2026\/03\/WhatsApp-Image-2026-03-02-at-11.27.2226-768x916.jpeg 768w, https:\/\/bokehemotions.fr\/wp-content\/uploads\/2026\/03\/WhatsApp-Image-2026-03-02-at-11.27.2226.jpeg 1104w\" sizes=\"auto, (max-width: 767px) 89vw, (max-width: 1000px) 54vw, (max-width: 1071px) 543px, 580px\" \/><\/figure>\n\n\n\n<figure class=\"wp-block-image size-large\"><img alt=\"\" loading=\"lazy\" decoding=\"async\" width=\"1024\" height=\"768\" data-id=\"232\" src=\"http:\/\/bokehemotions.fr\/wp-content\/uploads\/2026\/03\/IMG_3978-1024x768.jpg\" alt=\"\" class=\"wp-image-232\" srcset=\"https:\/\/bokehemotions.fr\/wp-content\/uploads\/2026\/03\/IMG_3978-1024x768.jpg 1024w, https:\/\/bokehemotions.fr\/wp-content\/uploads\/2026\/03\/IMG_3978-300x225.jpg 300w, https:\/\/bokehemotions.fr\/wp-content\/uploads\/2026\/03\/IMG_3978-768x576.jpg 768w, https:\/\/bokehemotions.fr\/wp-content\/uploads\/2026\/03\/IMG_3978-1536x1152.jpg 1536w, https:\/\/bokehemotions.fr\/wp-content\/uploads\/2026\/03\/IMG_3978.jpg 2048w\" sizes=\"auto, (max-width: 767px) 89vw, (max-width: 1000px) 54vw, (max-width: 1071px) 543px, 580px\" \/><\/figure>\n\n\n\n<figure class=\"wp-block-image size-large\"><img alt=\"\" loading=\"lazy\" decoding=\"async\" width=\"1024\" height=\"768\" data-id=\"242\" src=\"http:\/\/bokehemotions.fr\/wp-content\/uploads\/2026\/03\/WhatsApp-Image-2026-03-02-at-11.27.5118-1024x768.jpeg\" alt=\"\" class=\"wp-image-242\" srcset=\"https:\/\/bokehemotions.fr\/wp-content\/uploads\/2026\/03\/WhatsApp-Image-2026-03-02-at-11.27.5118-1024x768.jpeg 1024w, https:\/\/bokehemotions.fr\/wp-content\/uploads\/2026\/03\/WhatsApp-Image-2026-03-02-at-11.27.5118-300x225.jpeg 300w, https:\/\/bokehemotions.fr\/wp-content\/uploads\/2026\/03\/WhatsApp-Image-2026-03-02-at-11.27.5118-768x576.jpeg 768w, https:\/\/bokehemotions.fr\/wp-content\/uploads\/2026\/03\/WhatsApp-Image-2026-03-02-at-11.27.5118-1536x1152.jpeg 1536w, https:\/\/bokehemotions.fr\/wp-content\/uploads\/2026\/03\/WhatsApp-Image-2026-03-02-at-11.27.5118.jpeg 1600w\" sizes=\"auto, (max-width: 767px) 89vw, (max-width: 1000px) 54vw, (max-width: 1071px) 543px, 580px\" \/><\/figure>\n\n\n\n<figure class=\"wp-block-image size-large\"><img alt=\"\" loading=\"lazy\" decoding=\"async\" width=\"1024\" height=\"768\" data-id=\"231\" src=\"http:\/\/bokehemotions.fr\/wp-content\/uploads\/2026\/03\/IMG_3933-1024x768.jpg\" alt=\"\" class=\"wp-image-231\" srcset=\"https:\/\/bokehemotions.fr\/wp-content\/uploads\/2026\/03\/IMG_3933-1024x768.jpg 1024w, https:\/\/bokehemotions.fr\/wp-content\/uploads\/2026\/03\/IMG_3933-300x225.jpg 300w, https:\/\/bokehemotions.fr\/wp-content\/uploads\/2026\/03\/IMG_3933-768x576.jpg 768w, https:\/\/bokehemotions.fr\/wp-content\/uploads\/2026\/03\/IMG_3933-1536x1152.jpg 1536w, https:\/\/bokehemotions.fr\/wp-content\/uploads\/2026\/03\/IMG_3933.jpg 2048w\" sizes=\"auto, (max-width: 767px) 89vw, (max-width: 1000px) 54vw, (max-width: 1071px) 543px, 580px\" \/><\/figure>\n\n\n\n<figure class=\"wp-block-image size-large\"><img alt=\"\" loading=\"lazy\" decoding=\"async\" width=\"768\" height=\"1024\" data-id=\"238\" src=\"http:\/\/bokehemotions.fr\/wp-content\/uploads\/2026\/03\/IMG_5689-2-768x1024.jpg\" alt=\"\" class=\"wp-image-238\" srcset=\"https:\/\/bokehemotions.fr\/wp-content\/uploads\/2026\/03\/IMG_5689-2-768x1024.jpg 768w, https:\/\/bokehemotions.fr\/wp-content\/uploads\/2026\/03\/IMG_5689-2-225x300.jpg 225w, https:\/\/bokehemotions.fr\/wp-content\/uploads\/2026\/03\/IMG_5689-2-1152x1536.jpg 1152w, https:\/\/bokehemotions.fr\/wp-content\/uploads\/2026\/03\/IMG_5689-2.jpg 1536w\" sizes=\"auto, (max-width: 767px) 89vw, (max-width: 1000px) 54vw, (max-width: 1071px) 543px, 580px\" \/><\/figure>\n\n\n\n<figure class=\"wp-block-image size-large\"><img alt=\"\" loading=\"lazy\" decoding=\"async\" width=\"1024\" height=\"768\" data-id=\"233\" src=\"http:\/\/bokehemotions.fr\/wp-content\/uploads\/2026\/03\/IMG_5023-3-1024x768.jpg\" alt=\"\" class=\"wp-image-233\" srcset=\"https:\/\/bokehemotions.fr\/wp-content\/uploads\/2026\/03\/IMG_5023-3-1024x768.jpg 1024w, https:\/\/bokehemotions.fr\/wp-content\/uploads\/2026\/03\/IMG_5023-3-300x225.jpg 300w, https:\/\/bokehemotions.fr\/wp-content\/uploads\/2026\/03\/IMG_5023-3-768x576.jpg 768w, https:\/\/bokehemotions.fr\/wp-content\/uploads\/2026\/03\/IMG_5023-3-1536x1152.jpg 1536w, https:\/\/bokehemotions.fr\/wp-content\/uploads\/2026\/03\/IMG_5023-3.jpg 2048w\" sizes=\"auto, (max-width: 767px) 89vw, (max-width: 1000px) 54vw, (max-width: 1071px) 543px, 580px\" \/><\/figure>\n<\/figure>\n\n\n\n<figure class=\"wp-block-gallery has-nested-images columns-default is-cropped wp-block-gallery-2 is-layout-flex wp-block-gallery-is-layout-flex\">\n<figure class=\"wp-block-image size-large\"><img alt=\"\" loading=\"lazy\" decoding=\"async\" width=\"768\" height=\"1024\" data-id=\"358\" src=\"http:\/\/bokehemotions.fr\/wp-content\/uploads\/2026\/03\/MG_2889-768x1024.jpg\" alt=\"\" class=\"wp-image-358\" srcset=\"https:\/\/bokehemotions.fr\/wp-content\/uploads\/2026\/03\/MG_2889-768x1024.jpg 768w, https:\/\/bokehemotions.fr\/wp-content\/uploads\/2026\/03\/MG_2889-225x300.jpg 225w, https:\/\/bokehemotions.fr\/wp-content\/uploads\/2026\/03\/MG_2889-1152x1536.jpg 1152w, https:\/\/bokehemotions.fr\/wp-content\/uploads\/2026\/03\/MG_2889.jpg 1536w\" sizes=\"auto, (max-width: 767px) 89vw, (max-width: 1000px) 54vw, (max-width: 1071px) 543px, 580px\" \/><\/figure>\n\n\n\n<figure class=\"wp-block-image size-large\"><img alt=\"\" loading=\"lazy\" decoding=\"async\" width=\"768\" height=\"1024\" data-id=\"359\" src=\"http:\/\/bokehemotions.fr\/wp-content\/uploads\/2026\/03\/491915694_2941430702706291_1597256456789314726_n-768x1024.jpg\" alt=\"\" class=\"wp-image-359\" srcset=\"https:\/\/bokehemotions.fr\/wp-content\/uploads\/2026\/03\/491915694_2941430702706291_1597256456789314726_n-768x1024.jpg 768w, https:\/\/bokehemotions.fr\/wp-content\/uploads\/2026\/03\/491915694_2941430702706291_1597256456789314726_n-225x300.jpg 225w, https:\/\/bokehemotions.fr\/wp-content\/uploads\/2026\/03\/491915694_2941430702706291_1597256456789314726_n-1152x1536.jpg 1152w, https:\/\/bokehemotions.fr\/wp-content\/uploads\/2026\/03\/491915694_2941430702706291_1597256456789314726_n.jpg 1536w\" sizes=\"auto, (max-width: 767px) 89vw, (max-width: 1000px) 54vw, (max-width: 1071px) 543px, 580px\" \/><\/figure>\n\n\n\n<figure class=\"wp-block-image size-large\"><img alt=\"\" loading=\"lazy\" decoding=\"async\" width=\"768\" height=\"1024\" data-id=\"357\" src=\"http:\/\/bokehemotions.fr\/wp-content\/uploads\/2026\/03\/491920259_2941429249373103_2323797920064014697_n-768x1024.jpg\" alt=\"\" class=\"wp-image-357\" srcset=\"https:\/\/bokehemotions.fr\/wp-content\/uploads\/2026\/03\/491920259_2941429249373103_2323797920064014697_n-768x1024.jpg 768w, https:\/\/bokehemotions.fr\/wp-content\/uploads\/2026\/03\/491920259_2941429249373103_2323797920064014697_n-225x300.jpg 225w, https:\/\/bokehemotions.fr\/wp-content\/uploads\/2026\/03\/491920259_2941429249373103_2323797920064014697_n-1152x1536.jpg 1152w, https:\/\/bokehemotions.fr\/wp-content\/uploads\/2026\/03\/491920259_2941429249373103_2323797920064014697_n.jpg 1536w\" sizes=\"auto, (max-width: 767px) 89vw, (max-width: 1000px) 54vw, (max-width: 1071px) 543px, 580px\" \/><\/figure>\n\n\n\n<figure class=\"wp-block-image size-large\"><img alt=\"\" loading=\"lazy\" decoding=\"async\" width=\"683\" height=\"1024\" data-id=\"356\" src=\"http:\/\/bokehemotions.fr\/wp-content\/uploads\/2026\/03\/504027126_2988548087994552_7958911490090987431_n-683x1024.jpg\" alt=\"\" class=\"wp-image-356\" srcset=\"https:\/\/bokehemotions.fr\/wp-content\/uploads\/2026\/03\/504027126_2988548087994552_7958911490090987431_n-683x1024.jpg 683w, https:\/\/bokehemotions.fr\/wp-content\/uploads\/2026\/03\/504027126_2988548087994552_7958911490090987431_n-200x300.jpg 200w, https:\/\/bokehemotions.fr\/wp-content\/uploads\/2026\/03\/504027126_2988548087994552_7958911490090987431_n-768x1152.jpg 768w, https:\/\/bokehemotions.fr\/wp-content\/uploads\/2026\/03\/504027126_2988548087994552_7958911490090987431_n-1024x1536.jpg 1024w, https:\/\/bokehemotions.fr\/wp-content\/uploads\/2026\/03\/504027126_2988548087994552_7958911490090987431_n.jpg 1365w\" sizes=\"auto, (max-width: 683px) 100vw, 683px\" \/><\/figure>\n<\/figure>\n","protected":false},"excerpt":{"rendered":"<p>Votre mariage est une histoire unique, et c\u2019est ensemble que nous allons la raconter en images. Comptez sur mon \u0153il attentif et passionn\u00e9 pour immortaliser la magie de ce jour, saisir chaque \u00e9motion, chaque \u00e9clat de rire, chaque regard complice. Vos envies, vos id\u00e9es et votre personnalit\u00e9 guideront notre collaboration : cr\u00e9ons ces souvenirs qui &hellip; <\/p>\n<p class=\"link-more\"><a href=\"https:\/\/bokehemotions.fr\/index.php\/mariage\/\" class=\"more-link\">Continuer la lecture<span class=\"screen-reader-text\"> de &laquo;&nbsp;Mariage&nbsp;&raquo;<\/span><\/a><\/p>\n","protected":false},"author":1,"featured_media":0,"parent":0,"menu_order":1,"comment_status":"closed","ping_status":"closed","template":"","meta":{"_seopress_robots_primary_cat":"","_seopress_titles_title":"","_seopress_titles_desc":"","_seopress_robots_index":"","_kadence_starter_templates_imported_post":false,"footnotes":""},"class_list":["post-119","page","type-page","status-publish","hentry"],"_links":{"self":[{"href":"https:\/\/bokehemotions.fr\/index.php\/wp-json\/wp\/v2\/pages\/119","targetHints":{"allow":["GET"]}}],"collection":[{"href":"https:\/\/bokehemotions.fr\/index.php\/wp-json\/wp\/v2\/pages"}],"about":[{"href":"https:\/\/bokehemotions.fr\/index.php\/wp-json\/wp\/v2\/types\/page"}],"author":[{"embeddable":true,"href":"https:\/\/bokehemotions.fr\/index.php\/wp-json\/wp\/v2\/users\/1"}],"replies":[{"embeddable":true,"href":"https:\/\/bokehemotions.fr\/index.php\/wp-json\/wp\/v2\/comments?post=119"}],"version-history":[{"count":10,"href":"https:\/\/bokehemotions.fr\/index.php\/wp-json\/wp\/v2\/pages\/119\/revisions"}],"predecessor-version":[{"id":389,"href":"https:\/\/bokehemotions.fr\/index.php\/wp-json\/wp\/v2\/pages\/119\/revisions\/389"}],"wp:attachment":[{"href":"https:\/\/bokehemotions.fr\/index.php\/wp-json\/wp\/v2\/media?parent=119"}],"curies":[{"name":"wp","href":"https:\/\/api.w.org\/{rel}","templated":true}]}}